{"id":110,"date":"2019-07-31T02:14:11","date_gmt":"2019-07-31T00:14:11","guid":{"rendered":"http:\/\/neelemilie-therapie.fr\/?page_id=110"},"modified":"2020-02-26T21:17:10","modified_gmt":"2020-02-26T20:17:10","slug":"qui-suis-je","status":"publish","type":"page","link":"https:\/\/neelemilie-therapie.fr\/index.php\/qui-suis-je\/","title":{"rendered":"Qui suis-je ?"},"content":{"rendered":"\n<p>Investie\npar le bien-\u00eatre des autres, j\u2019ai construit mon parcours personnel\net professionnel, dans le but d\u2019aider l\u2019\u00eatre humain.<\/p>\n\n\n\n<p>Que\nce soit lors de mes pr\u00e9c\u00e9dents emplois ; dans ma fonction d\u2019accueil\ndes victimes au sein de la police nationale, en tant qu\u2019auxiliaire\nde vie scolaire pour des enfants porteurs de handicap ou dans le\ncadre de mes engagements b\u00e9n\u00e9voles ; en \u00e9tablissement social, pour\naccompagner et aider dans leurs d\u00e9marches, des personnes en\ndifficult\u00e9s et depuis 2016 en r\u00e9sidence pour personnes \u00e2g\u00e9es, en\nsoutient psychologique.<\/p>\n\n\n\n<p>Par vocation, j\u2019ai voulu enrichir mes connaissances et donner plus de sens \u00e0 mon travail, c&rsquo;est pourquoi j&rsquo;ai choisi de suivre une formation pour devenir Th\u00e9rapeute, enseign\u00e9e par le Centre de formation&nbsp;; le Blackford Center, institut Anglais, dont le gouvernement a reconnu l\u2019int\u00e9r\u00eat de la prise en charge des th\u00e9rapies br\u00e8ves<sup>1<\/sup>.<\/p>\n\n\n\n<p>Ce\nqui m&rsquo;a permis apr\u00e8s 3 ann\u00e9es d\u2019\u00e9tudes et l&rsquo;obtention du dipl\u00f4me\nde th\u00e9rapeute, d\u2019exercer en cabinet ind\u00e9pendant mais aussi de\npouvoir proposer mes services en intervenant dans des \u00e9tablissements\net institutions.<\/p>\n\n\n\n<p>En parall\u00e8le, persuad\u00e9e des bienfaits de la relation homme-animal, j\u2019ai voulu compl\u00e9ter mon exp\u00e9rience en m\u2019initiant \u00e0 la pratique de la Zooth\u00e9rapie, \u00e0 la suite de ma formation d&rsquo;intervenant professionnel en m\u00e9diation par l&rsquo;animal en milieu psychiatrique au sein de l&rsquo;Institut Fran\u00e7ais de Zooth\u00e9rapie, j&rsquo;ai s\u00e9lectionn\u00e9 un chiot \u00ab<em><strong>Lapinkoira<\/strong><\/em>\u00bb  qui a lui aussi, particip\u00e9 \u00e0 une formation \u00e0 l&rsquo;\u00e9ducation de chien m\u00e9diateur et qui apr\u00e8s \u00e9valuation a re\u00e7u l\u2019accr\u00e9ditation d\u00e9livr\u00e9e par l&rsquo;IFZ.<\/p>\n\n\n\n<p>J\u2019ai choisi d&rsquo;exercer par cette approche qui me tient particuli\u00e8rement \u00e0 c\u0153ur, de fa\u00e7on personnelle, par le lien qui m\u2019unit aux animaux familiers depuis l\u2019enfance, et de fa\u00e7on professionnelle, en rapport avec mon activit\u00e9 de psycho-praticienne car les animaux \u00e9veillent notre attention et leur fonctionnement nous intrigue, ce qui nous am\u00e8ne \u00e0 cr\u00e9er des liens affectifs spontan\u00e9s et puissants. <\/p>\n","protected":false},"excerpt":{"rendered":"<p>Investie par le bien-\u00eatre des autres, j\u2019ai construit mon parcours personnel et professionnel, dans le but d\u2019aider l\u2019\u00eatre humain. Que ce soit lors de mes pr\u00e9c\u00e9dents emplois ; dans ma fonction d\u2019accueil des victimes au sein de la police nationale, en tant qu\u2019auxiliaire de vie scolaire pour des enfants porteurs de handicap ou dans le &hellip; <\/p>\n<p class=\"link-more\"><a href=\"https:\/\/neelemilie-therapie.fr\/index.php\/qui-suis-je\/\" class=\"more-link\">Continuer la lecture<span class=\"screen-reader-text\"> de &laquo;&nbsp;Qui suis-je ?&nbsp;&raquo;<\/span><\/a><\/p>\n","protected":false},"author":1,"featured_media":63,"parent":0,"menu_order":0,"comment_status":"closed","ping_status":"closed","template":"","meta":{"_mi_skip_tracking":false},"yoast_head":"<!-- This site is optimized with the Yoast SEO plugin v18.6 - https:\/\/yoast.com\/wordpress\/plugins\/seo\/ -->\n<title>Qui suis-je ? - TH\u00c9RAPIE ET M\u00c9DIATION PAR L&#039;ANIMAL<\/title>\n<meta name=\"robots\" content=\"index, follow, max-snippet:-1, max-image-preview:large, max-video-preview:-1\" \/>\n<link rel=\"canonical\" href=\"https:\/\/neelemilie-therapie.fr\/index.php\/qui-suis-je\/\" \/>\n<meta property=\"og:locale\" content=\"fr_FR\" \/>\n<meta property=\"og:type\" content=\"article\" \/>\n<meta property=\"og:title\" content=\"Qui suis-je ? - TH\u00c9RAPIE ET M\u00c9DIATION PAR L&#039;ANIMAL\" \/>\n<meta property=\"og:description\" content=\"Investie par le bien-\u00eatre des autres, j\u2019ai construit mon parcours personnel et professionnel, dans le but d\u2019aider l\u2019\u00eatre humain. Que ce soit lors de mes pr\u00e9c\u00e9dents emplois ; dans ma fonction d\u2019accueil des victimes au sein de la police nationale, en tant qu\u2019auxiliaire de vie scolaire pour des enfants porteurs de handicap ou dans le &hellip; Continuer la lecture de &laquo;&nbsp;Qui suis-je ?&nbsp;&raquo;\" \/>\n<meta property=\"og:url\" content=\"https:\/\/neelemilie-therapie.fr\/index.php\/qui-suis-je\/\" \/>\n<meta property=\"og:site_name\" content=\"TH\u00c9RAPIE ET M\u00c9DIATION PAR L&#039;ANIMAL\" \/>\n<meta property=\"article:modified_time\" content=\"2020-02-26T20:17:10+00:00\" \/>\n<meta property=\"og:image\" content=\"https:\/\/neelemilie-therapie.fr\/wp-content\/uploads\/2019\/07\/logo-EN2-1.png\" \/>\n\t<meta property=\"og:image:width\" content=\"158\" \/>\n\t<meta property=\"og:image:height\" content=\"184\" \/>\n\t<meta property=\"og:image:type\" content=\"image\/png\" \/>\n<meta name=\"twitter:card\" content=\"summary_large_image\" \/>\n<meta name=\"twitter:label1\" content=\"Dur\u00e9e de lecture estim\u00e9e\" \/>\n\t<meta name=\"twitter:data1\" content=\"2 minutes\" \/>\n<script type=\"application\/ld+json\" class=\"yoast-schema-graph\">{\"@context\":\"https:\/\/schema.org\",\"@graph\":[{\"@type\":\"WebSite\",\"@id\":\"https:\/\/neelemilie-therapie.fr\/#website\",\"url\":\"https:\/\/neelemilie-therapie.fr\/\",\"name\":\"TH\u00c9RAPIE ET M\u00c9DIATION PAR L&#039;ANIMAL\",\"description\":\"VOUS ACCOMPAGNE SUR LE CHEMIN DU MIEUX-\u00caTRE\",\"potentialAction\":[{\"@type\":\"SearchAction\",\"target\":{\"@type\":\"EntryPoint\",\"urlTemplate\":\"https:\/\/neelemilie-therapie.fr\/?s={search_term_string}\"},\"query-input\":\"required name=search_term_string\"}],\"inLanguage\":\"fr-FR\"},{\"@type\":\"ImageObject\",\"@id\":\"https:\/\/neelemilie-therapie.fr\/index.php\/qui-suis-je\/#primaryimage\",\"inLanguage\":\"fr-FR\",\"url\":\"https:\/\/neelemilie-therapie.fr\/wp-content\/uploads\/2019\/07\/logo-EN2-1.png\",\"contentUrl\":\"https:\/\/neelemilie-therapie.fr\/wp-content\/uploads\/2019\/07\/logo-EN2-1.png\",\"width\":158,\"height\":184},{\"@type\":\"WebPage\",\"@id\":\"https:\/\/neelemilie-therapie.fr\/index.php\/qui-suis-je\/#webpage\",\"url\":\"https:\/\/neelemilie-therapie.fr\/index.php\/qui-suis-je\/\",\"name\":\"Qui suis-je ? - TH\u00c9RAPIE ET M\u00c9DIATION PAR L&#039;ANIMAL\",\"isPartOf\":{\"@id\":\"https:\/\/neelemilie-therapie.fr\/#website\"},\"primaryImageOfPage\":{\"@id\":\"https:\/\/neelemilie-therapie.fr\/index.php\/qui-suis-je\/#primaryimage\"},\"datePublished\":\"2019-07-31T00:14:11+00:00\",\"dateModified\":\"2020-02-26T20:17:10+00:00\",\"breadcrumb\":{\"@id\":\"https:\/\/neelemilie-therapie.fr\/index.php\/qui-suis-je\/#breadcrumb\"},\"inLanguage\":\"fr-FR\",\"potentialAction\":[{\"@type\":\"ReadAction\",\"target\":[\"https:\/\/neelemilie-therapie.fr\/index.php\/qui-suis-je\/\"]}]},{\"@type\":\"BreadcrumbList\",\"@id\":\"https:\/\/neelemilie-therapie.fr\/index.php\/qui-suis-je\/#breadcrumb\",\"itemListElement\":[{\"@type\":\"ListItem\",\"position\":1,\"name\":\"Accueil\",\"item\":\"https:\/\/neelemilie-therapie.fr\/\"},{\"@type\":\"ListItem\",\"position\":2,\"name\":\"Qui suis-je ?\"}]}]}<\/script>\n<!-- \/ Yoast SEO plugin. -->","yoast_head_json":{"title":"Qui suis-je ? - TH\u00c9RAPIE ET M\u00c9DIATION PAR L&#039;ANIMAL","robots":{"index":"index","follow":"follow","max-snippet":"max-snippet:-1","max-image-preview":"max-image-preview:large","max-video-preview":"max-video-preview:-1"},"canonical":"https:\/\/neelemilie-therapie.fr\/index.php\/qui-suis-je\/","og_locale":"fr_FR","og_type":"article","og_title":"Qui suis-je ? - TH\u00c9RAPIE ET M\u00c9DIATION PAR L&#039;ANIMAL","og_description":"Investie par le bien-\u00eatre des autres, j\u2019ai construit mon parcours personnel et professionnel, dans le but d\u2019aider l\u2019\u00eatre humain. Que ce soit lors de mes pr\u00e9c\u00e9dents emplois ; dans ma fonction d\u2019accueil des victimes au sein de la police nationale, en tant qu\u2019auxiliaire de vie scolaire pour des enfants porteurs de handicap ou dans le &hellip; Continuer la lecture de &laquo;&nbsp;Qui suis-je ?&nbsp;&raquo;","og_url":"https:\/\/neelemilie-therapie.fr\/index.php\/qui-suis-je\/","og_site_name":"TH\u00c9RAPIE ET M\u00c9DIATION PAR L&#039;ANIMAL","article_modified_time":"2020-02-26T20:17:10+00:00","og_image":[{"width":158,"height":184,"url":"https:\/\/neelemilie-therapie.fr\/wp-content\/uploads\/2019\/07\/logo-EN2-1.png","type":"image\/png"}],"twitter_card":"summary_large_image","twitter_misc":{"Dur\u00e9e de lecture estim\u00e9e":"2 minutes"},"schema":{"@context":"https:\/\/schema.org","@graph":[{"@type":"WebSite","@id":"https:\/\/neelemilie-therapie.fr\/#website","url":"https:\/\/neelemilie-therapie.fr\/","name":"TH\u00c9RAPIE ET M\u00c9DIATION PAR L&#039;ANIMAL","description":"VOUS ACCOMPAGNE SUR LE CHEMIN DU MIEUX-\u00caTRE","potentialAction":[{"@type":"SearchAction","target":{"@type":"EntryPoint","urlTemplate":"https:\/\/neelemilie-therapie.fr\/?s={search_term_string}"},"query-input":"required name=search_term_string"}],"inLanguage":"fr-FR"},{"@type":"ImageObject","@id":"https:\/\/neelemilie-therapie.fr\/index.php\/qui-suis-je\/#primaryimage","inLanguage":"fr-FR","url":"https:\/\/neelemilie-therapie.fr\/wp-content\/uploads\/2019\/07\/logo-EN2-1.png","contentUrl":"https:\/\/neelemilie-therapie.fr\/wp-content\/uploads\/2019\/07\/logo-EN2-1.png","width":158,"height":184},{"@type":"WebPage","@id":"https:\/\/neelemilie-therapie.fr\/index.php\/qui-suis-je\/#webpage","url":"https:\/\/neelemilie-therapie.fr\/index.php\/qui-suis-je\/","name":"Qui suis-je ? - TH\u00c9RAPIE ET M\u00c9DIATION PAR L&#039;ANIMAL","isPartOf":{"@id":"https:\/\/neelemilie-therapie.fr\/#website"},"primaryImageOfPage":{"@id":"https:\/\/neelemilie-therapie.fr\/index.php\/qui-suis-je\/#primaryimage"},"datePublished":"2019-07-31T00:14:11+00:00","dateModified":"2020-02-26T20:17:10+00:00","breadcrumb":{"@id":"https:\/\/neelemilie-therapie.fr\/index.php\/qui-suis-je\/#breadcrumb"},"inLanguage":"fr-FR","potentialAction":[{"@type":"ReadAction","target":["https:\/\/neelemilie-therapie.fr\/index.php\/qui-suis-je\/"]}]},{"@type":"BreadcrumbList","@id":"https:\/\/neelemilie-therapie.fr\/index.php\/qui-suis-je\/#breadcrumb","itemListElement":[{"@type":"ListItem","position":1,"name":"Accueil","item":"https:\/\/neelemilie-therapie.fr\/"},{"@type":"ListItem","position":2,"name":"Qui suis-je ?"}]}]}},"_links":{"self":[{"href":"https:\/\/neelemilie-therapie.fr\/index.php\/wp-json\/wp\/v2\/pages\/110"}],"collection":[{"href":"https:\/\/neelemilie-therapie.fr\/index.php\/wp-json\/wp\/v2\/pages"}],"about":[{"href":"https:\/\/neelemilie-therapie.fr\/index.php\/wp-json\/wp\/v2\/types\/page"}],"author":[{"embeddable":true,"href":"https:\/\/neelemilie-therapie.fr\/index.php\/wp-json\/wp\/v2\/users\/1"}],"replies":[{"embeddable":true,"href":"https:\/\/neelemilie-therapie.fr\/index.php\/wp-json\/wp\/v2\/comments?post=110"}],"version-history":[{"count":6,"href":"https:\/\/neelemilie-therapie.fr\/index.php\/wp-json\/wp\/v2\/pages\/110\/revisions"}],"predecessor-version":[{"id":329,"href":"https:\/\/neelemilie-therapie.fr\/index.php\/wp-json\/wp\/v2\/pages\/110\/revisions\/329"}],"wp:featuredmedia":[{"embeddable":true,"href":"https:\/\/neelemilie-therapie.fr\/index.php\/wp-json\/wp\/v2\/media\/63"}],"wp:attachment":[{"href":"https:\/\/neelemilie-therapie.fr\/index.php\/wp-json\/wp\/v2\/media?parent=110"}],"curies":[{"name":"wp","href":"https:\/\/api.w.org\/{rel}","templated":true}]}}