{"id":160,"date":"2019-07-31T19:01:10","date_gmt":"2019-07-31T17:01:10","guid":{"rendered":"http:\/\/neelemilie-therapie.fr\/?page_id=160"},"modified":"2019-09-22T02:03:53","modified_gmt":"2019-09-22T00:03:53","slug":"mediation-par-lanimal","status":"publish","type":"page","link":"https:\/\/neelemilie-therapie.fr\/index.php\/mediation-par-lanimal\/","title":{"rendered":"M\u00e9diation par l&rsquo;animal"},"content":{"rendered":"\n<p><strong>Les bienfaits de la m\u00e9diation animale \/ Zooth\u00e9rapie<\/strong><\/p>\n\n\n\n<p>Aux Etats-Unis, on parle de \u00ab&nbsp;zooth\u00e9rapie&nbsp;\u00bb. En France, on utilise plut\u00f4t le terme de \u00ab&nbsp;m\u00e9diation animale&nbsp;\u00bb. Adapt\u00e9e \u00e0 tout public, elle permet de favoriser et maintenir le bien-\u00eatre physique et psychologique.  Cette activit\u00e9 est exerc\u00e9e par un professionnel dipl\u00f4m\u00e9 en relation humaine et sp\u00e9cialis\u00e9 dans la m\u00e9diation animale.  <\/p>\n\n\n\n<p>La \u00ab&nbsp;m\u00e9diation animale&nbsp;\u00bb est une pratique \u00e0 objectifs th\u00e9rapeutiques non m\u00e9dicamenteux, encore peu connue en France, qui englobe des savoir-faire vari\u00e9s.<\/p>\n\n\n\n<p>Elle peut \u00eatre \u00e0 but :  <\/p>\n\n\n\n<p>&#8211; th\u00e9rapeutique, en pr\u00e9sence d\u2019une personne ayant un dipl\u00f4me de th\u00e9rapeute. <\/p>\n\n\n\n<p>&#8211; social, comme la cr\u00e9ation de lien, l\u2019aide \u00e0 l\u2019int\u00e9gration, ou l\u2019aide \u00e0 la r\u00e9insertion.   <\/p>\n\n\n\n<p>&#8211; \u00e9ducatif et p\u00e9dagogique, sous forme d\u2019atelier.<\/p>\n\n\n\n<p><strong>L\u2019animal contribue \u00e0 la relation \u00e0 l\u2019autre.<\/strong><\/p>\n\n\n\n<p>La m\u00e9diation animale c&rsquo;est le soin de troubles humains, avec pour m\u00e9diateur un animal dit \u00ab&nbsp;th\u00e9rapeutique&nbsp;\u00bb qui assiste la pr\u00e9sence et l&rsquo;action d\u2019un intervenant professionnel (th\u00e9rapeute, \u00e9ducateur, psychomotricien, etc.) connaissant d\u2019une part&nbsp;; la situation de la personne en difficult\u00e9, de ses troubles, de ses besoins, de son comportement et d\u2019autre part&nbsp;; les capacit\u00e9s et les limites de l&rsquo;animal pour orienter la pratique lors des s\u00e9ances.<\/p>\n\n\n\n<p>Elle\nconcerne un public vari\u00e9, du jeune enfant \u00e0 la personne \u00e2g\u00e9e,\nporteur ou non d\u2019un handicap.<\/p>\n\n\n\n<p>En\nm\u00e9diation animale, il y a toujours des objectifs li\u00e9s aux projets\npersonnels des patients. L\u2019animal est un interm\u00e9diaire pour les\natteindre. Il permet au b\u00e9n\u00e9ficiaire qui le souhaite de d\u00e9passer\ncertaines difficult\u00e9s, d\u2019apprendre, d\u2019\u00e9voluer, ou simplement de\nprendre du plaisir. L\u2019animal est acteur de ce qu\u2019il engendre.<\/p>\n\n\n\n<p>La\nCynoth\u00e9rapie est une branche de la <a href=\"https:\/\/fr.wikipedia.org\/wiki\/Zooth\u00e9rapie\">zooth\u00e9rapie<\/a>.<\/p>\n\n\n\n<p>Le chien assiste depuis longtemps les humains. Il a commenc\u00e9 par les accompagner \u00e0 la chasse, puis \u00e0 aider \u00e0 la garde, au guidage et \u00e0 la protection des troupeaux, avant de devenir un compagnon de vie dans la maison. On sait que le simple fait de caresser un chien a une action b\u00e9n\u00e9fique sur le rythme cardiaque et la pression art\u00e9rielle. Il a fait ses preuves, par sa loyaut\u00e9, et son intelligence, il est devenu un atout majeur dans l\u2019aide \u00e0 certaines personnes. On entend souvent parler d\u2019\u00e9quith\u00e9rapie, et m\u00eame de delphinoth\u00e9rapie, mais il est bien difficile de les mettre en \u0153uvre dans une institution. Les chiens, eux, gr\u00e2ce \u00e0 leur taille et leur mode de vie, peuvent facilement y entrer, ce qui permet de proposer des solutions moins contraignantes, et qui r\u00e9pondent mieux aux arguments, notamment concernant l\u2019hygi\u00e8ne. Dans le cadre du T\u00e9l\u00e9thon de la ville d&rsquo;Hy\u00e8res en 1992, Andr\u00e9 MARTIN, Corinne DELENGAIGNE et leurs chiens Cindy et H\u00e9liot ont \u00e9t\u00e9 les premiers \u00e0 introduire des chiens d&rsquo;aide \u00e0 la th\u00e9rapie dans un h\u00f4pital sur la presqu&rsquo;\u00eele de Giens dans le Var. Le journal Var Matin a assist\u00e9 \u00e0 une s\u00e9ance et en a fait sa premi\u00e8re page dans son \u00e9dition du samedi 13 f\u00e9vrier 1993.<\/p>\n\n\n\n<p>En\nFrance, depuis quelques ann\u00e9es, les chiens m\u00e9diateurs en\nzooth\u00e9rapie et les chiens visiteurs, qui entrent dans des\ninstitutions m\u00e9dico-sociales ou \u00e0 domicile, sont de plus en plus\nnombreux.<\/p>\n\n\n\n<p>Ce qui diff\u00e9rencie ces deux pratiques se trouve, bien entendu, dans les besoins particuliers de l\u2019\u00eatre humain b\u00e9n\u00e9ficiaire, mais, surtout, dans le savoir-faire de l\u2019humain qui dirige la s\u00e9ance avec son chien.                                                                                                                   &#8211; Le chien visiteur accompagne un ma\u00eetre, qui a pour mission de mettre en contact son chien avec des b\u00e9n\u00e9ficiaires qu\u2019il visite pour le plaisir. Le but est principalement \u00e0 vis\u00e9e r\u00e9cr\u00e9ative.                                                                                                                                                                        &#8211; Le chien m\u00e9diateur de zooth\u00e9rapie (et non pas chien th\u00e9rapeute !) quant \u00e0 lui accompagne un intervenant professionnel d\u00e9tenant un dipl\u00f4me de th\u00e9rapeute et form\u00e9 \u00e0 la m\u00e9diation animale. C\u2019est le zooth\u00e9rapeute.<\/p>\n\n\n\n<p>Un chien travaillant avec un th\u00e9rapeute sert de lien entre le professionnel et le patient, mais, n&rsquo;est en rien un th\u00e9rapeute. Un chien m\u00e9diateur n\u2019est pas choisi par hasard. De ce fait, les deux premi\u00e8res ann\u00e9es de sa vie sont cruciales. Sa socialisation ainsi que son \u00e9ducation doivent avoir \u00e9t\u00e9 r\u00e9alis\u00e9es de mani\u00e8re s\u00e9rieuse. De surcro\u00eet, sa relation avec les \u00eatres humains doit \u00eatre assur\u00e9e et stable, et le lien avec son ma\u00eetre doit \u00eatre fort. Une triangulaire est alors cr\u00e9\u00e9e entre ces trois acteurs. Ces chiens interviennent g\u00e9n\u00e9ralement pour des th\u00e9rapies compl\u00e9mentaires de m\u00e9diation, aupr\u00e8s de personnes atteintes de troubles psychiques (tel que les Troubles anxieux, Troubles d\u00e9pressifs, Troubles bipolaires, Schizophr\u00e9nies, Troubles addictifs, Troubles des comportements alimentaires (TCA),Troubles des comportements chez l&rsquo;enfant et l&rsquo;adolescent, Risque suicidaire&#8230;) ou porteur de handicap.<\/p>\n\n\n\n<p>Ainsi, par exemple&nbsp;; un enfant <em>pr\u00e9sentant <\/em>des <em>sympt\u00f4mes autistiques<\/em> va, contre toute attente, communiquer avec le chien&nbsp;; la pr\u00e9sence d\u2019un chien va r\u00e9veiller les \u00e9motions de la personne \u00e2g\u00e9e mutique&nbsp;; la personne atteinte de troubles psychiques va s\u2019apaiser, communiquer en pr\u00e9sence d\u2019un animal.<\/p>\n\n\n\n<p>La m\u00e9diation par l&rsquo;animal, comme d\u2019autres types de m\u00e9diation tel que&nbsp;; l\u2019art th\u00e9rapie, la  musicoth\u00e9rapie, est une approche sp\u00e9cifique pour mener des interventions d&rsquo;accompagnement th\u00e9rapeutiques. Dans cette pratique, c\u2019est \u00e0 travers l\u2019animal, m\u00e9diateur et complice de la relation d\u2019aide, que nous allons \u00e0 la rencontre de la personne. La m\u00e9diation par l&rsquo;animale est bas\u00e9e sur l\u2019attrait que l\u2019animal exerce aupr\u00e8s des personnes et sur sa capacit\u00e9 \u00e0 les stimuler. L\u2019animal provoque des r\u00e9actions qui permettent de cr\u00e9er ou de faciliter la rencontre ou la relation d\u2019aide. Elle vise \u00e0 mettre en contact des animaux familiers, sp\u00e9cialement \u00e9duqu\u00e9s, avec des personnes fragilis\u00e9es (personnes souffrant de divers troubles, aussi bien physiques que cognitifs, psychologiques ou sociaux) afin de susciter des r\u00e9actions positives.<br> L\u2019expression \u00ab\u00a0Le chien est le meilleur ami de l\u2019Homme\u00a0\u00bb prend tout son sens lorsque l\u2019on parle de zooth\u00e9rapie. En effet, c\u2019est l\u2019animal le plus sollicit\u00e9 par les th\u00e9rapeutes en raison de sa r\u00e9activit\u00e9 face aux \u00e9motions humaines, mais aussi parce qu\u2019il est plus facile \u00e0 dresser qu\u2019un chat, qui est beaucoup plus ind\u00e9pendant et  t\u00eatu. La th\u00e9rapie assist\u00e9e par un cheval, appel\u00e9e \u00e9quith\u00e9rapie, fonctionne quant \u00e0 elle selon les m\u00eames principes et objectifs que la zooth\u00e9rapie.<br> D&rsquo;autres animaux comme&nbsp;; certains rongeurs, des \u00e2nes, des lamas, peuvent \u00e9galement \u00eatre utilis\u00e9s en zooth\u00e9rapie .<\/p>\n\n\n\n<p>L\u2019intervenant met en place la m\u00e9diation par l\u2019animal avec pour objectifs d&rsquo;apporter un bien \u00eatre aupr\u00e8s des b\u00e9n\u00e9ficiaires, afin de les aider \u00e0&nbsp;; stimuler leurs capacit\u00e9s cognitives, am\u00e9liorer leur autonomie, cr\u00e9er ou recr\u00e9er des liens sociaux, d\u00e9velopper leur dext\u00e9rit\u00e9&#8230; C\u2019est le contact avec l\u2019animal qui apaise, rassure, met en confiance, et cr\u00e9e un contexte favorable pour l\u2019intervenant, qui reste en toutes circonstances le ma\u00eetre d&rsquo;oeuvre, porteur du projet d\u2019accompagnement, selon les approches \u00e0 travailler en fonction du programme personnalis\u00e9 \u00e9tabli pour chaque patient, avec un suivi par grilles d&rsquo;observation, \u00e9chelles d&rsquo;\u00e9valuation, rapports de s\u00e9ances et synth\u00e9ses avec les parents ou professionnels en lien avec le patient.<\/p>\n\n\n\n<p><strong>LES PRINCIPALES APPROCHES :<\/strong><\/p>\n\n\n\n<table class=\"wp-block-table aligncenter is-style-regular\"><tbody><tr><td> ESTIME DE SOI   <br> &#8211; \u00catre acteur, avoir confiance en soi.<br> &#8211; Adaptation.  <br> &#8211; Valorisation.<br> &#8211; Responsabilisation. <br> APPROCHE SENSORIELLE &amp; MOTRICE  <br> &#8211; Stimuler ses sens, ses perceptions.  <br> &#8211; Valorisation, rep\u00e9rage spatiotemporel.  <br> VIE EN SOCI\u00c9T\u00c9<br> &#8211; Axe de la vie affective et relationnelle.<br> &#8211; Ajustement des comportements.<br> &#8211; Gestion de l\u2019humeur et des \u00e9motions.<br> &#8211; Communication et inclusion.  <br> APPROCHE LUDIQUE  <br> &#8211; D\u00e9couverte, activit\u00e9s avec les animaux en lien direct.  <br> &#8211; Jeux de groupe sur le th\u00e8me de l\u2019animal (lien indirect).<br> APPROCHE \u00c9DUCATIVE  <br> &#8211; Apprentissages, connaissance des animaux et de leur milieu.  <br> &#8211; Affiner l\u2019observation, la m\u00e9moire visuelle.<br> &#8211; Enrichissement du vocabulaire.<br> \u00c9VEIL <br> &#8211; Communication et inclusion.  <br> &#8211; Analyse de son environnement.<br> &#8211; conscience de soi.  <br> &#8211; Initiative motrice, rep\u00e9rage spatio-temporel. <br> <\/td><td><\/td><td><\/td><\/tr><\/tbody><\/table>\n\n\n\n<p>L\u2019intervenant utilise l\u2019animal en tant qu\u2019interm\u00e9diaire (m\u00e9diateur) dans une triangulation de la relation entre lui et le b\u00e9n\u00e9ficiaire, afin de permettre \u00e0 ce dernier d\u2019atteindre, avec l\u2019aide de l\u2019animal, des objectifs fix\u00e9s dans le cadre de son projet individuel. L\u2019animal favorise le lien, la relation \u00e0 l\u2019autre. C\u2019est un m\u00e9diateur qui cherche l\u2019interaction. Il va vers l\u2019autre sans jugement, sans intention, sans communication verbale. Il est spontan\u00e9, stimule, \u00e9veille, r\u00e9conforte de mani\u00e8re naturelle. Il permet le partage et une relation authentique. L\u2019animal assure un r\u00f4le de catalyseur social et procure de l\u2019apaisement.<\/p>\n","protected":false},"excerpt":{"rendered":"<p>Les bienfaits de la m\u00e9diation animale \/ Zooth\u00e9rapie Aux Etats-Unis, on parle de \u00ab&nbsp;zooth\u00e9rapie&nbsp;\u00bb. En France, on utilise plut\u00f4t le terme de \u00ab&nbsp;m\u00e9diation animale&nbsp;\u00bb. Adapt\u00e9e \u00e0 tout public, elle permet de favoriser et maintenir le bien-\u00eatre physique et psychologique. Cette activit\u00e9 est exerc\u00e9e par un professionnel dipl\u00f4m\u00e9 en relation humaine et sp\u00e9cialis\u00e9 dans la m\u00e9diation &hellip; <\/p>\n<p class=\"link-more\"><a href=\"https:\/\/neelemilie-therapie.fr\/index.php\/mediation-par-lanimal\/\" class=\"more-link\">Continuer la lecture<span class=\"screen-reader-text\"> de &laquo;&nbsp;M\u00e9diation par l&rsquo;animal&nbsp;&raquo;<\/span><\/a><\/p>\n","protected":false},"author":1,"featured_media":196,"parent":0,"menu_order":0,"comment_status":"closed","ping_status":"closed","template":"","meta":{"_mi_skip_tracking":false},"yoast_head":"<!-- This site is optimized with the Yoast SEO plugin v18.6 - https:\/\/yoast.com\/wordpress\/plugins\/seo\/ -->\n<title>M\u00e9diation par l&#039;animal - TH\u00c9RAPIE ET M\u00c9DIATION PAR L&#039;ANIMAL<\/title>\n<meta name=\"robots\" content=\"index, follow, max-snippet:-1, max-image-preview:large, max-video-preview:-1\" \/>\n<link rel=\"canonical\" href=\"https:\/\/neelemilie-therapie.fr\/index.php\/mediation-par-lanimal\/\" \/>\n<meta property=\"og:locale\" content=\"fr_FR\" \/>\n<meta property=\"og:type\" content=\"article\" \/>\n<meta property=\"og:title\" content=\"M\u00e9diation par l&#039;animal - TH\u00c9RAPIE ET M\u00c9DIATION PAR L&#039;ANIMAL\" \/>\n<meta property=\"og:description\" content=\"Les bienfaits de la m\u00e9diation animale \/ Zooth\u00e9rapie Aux Etats-Unis, on parle de \u00ab&nbsp;zooth\u00e9rapie&nbsp;\u00bb. En France, on utilise plut\u00f4t le terme de \u00ab&nbsp;m\u00e9diation animale&nbsp;\u00bb. Adapt\u00e9e \u00e0 tout public, elle permet de favoriser et maintenir le bien-\u00eatre physique et psychologique. Cette activit\u00e9 est exerc\u00e9e par un professionnel dipl\u00f4m\u00e9 en relation humaine et sp\u00e9cialis\u00e9 dans la m\u00e9diation &hellip; Continuer la lecture de &laquo;&nbsp;M\u00e9diation par l&rsquo;animal&nbsp;&raquo;\" \/>\n<meta property=\"og:url\" content=\"https:\/\/neelemilie-therapie.fr\/index.php\/mediation-par-lanimal\/\" \/>\n<meta property=\"og:site_name\" content=\"TH\u00c9RAPIE ET M\u00c9DIATION PAR L&#039;ANIMAL\" \/>\n<meta property=\"article:modified_time\" content=\"2019-09-22T00:03:53+00:00\" \/>\n<meta property=\"og:image\" content=\"https:\/\/neelemilie-therapie.fr\/wp-content\/uploads\/2019\/08\/20190606_161739-e1564701618613-1024x1007.jpg\" \/>\n\t<meta property=\"og:image:width\" content=\"1024\" \/>\n\t<meta property=\"og:image:height\" content=\"1007\" \/>\n\t<meta property=\"og:image:type\" content=\"image\/jpeg\" \/>\n<meta name=\"twitter:card\" content=\"summary_large_image\" \/>\n<meta name=\"twitter:label1\" content=\"Dur\u00e9e de lecture estim\u00e9e\" \/>\n\t<meta name=\"twitter:data1\" content=\"8 minutes\" \/>\n<script type=\"application\/ld+json\" class=\"yoast-schema-graph\">{\"@context\":\"https:\/\/schema.org\",\"@graph\":[{\"@type\":\"WebSite\",\"@id\":\"https:\/\/neelemilie-therapie.fr\/#website\",\"url\":\"https:\/\/neelemilie-therapie.fr\/\",\"name\":\"TH\u00c9RAPIE ET M\u00c9DIATION PAR L&#039;ANIMAL\",\"description\":\"VOUS ACCOMPAGNE SUR LE CHEMIN DU MIEUX-\u00caTRE\",\"potentialAction\":[{\"@type\":\"SearchAction\",\"target\":{\"@type\":\"EntryPoint\",\"urlTemplate\":\"https:\/\/neelemilie-therapie.fr\/?s={search_term_string}\"},\"query-input\":\"required name=search_term_string\"}],\"inLanguage\":\"fr-FR\"},{\"@type\":\"ImageObject\",\"@id\":\"https:\/\/neelemilie-therapie.fr\/index.php\/mediation-par-lanimal\/#primaryimage\",\"inLanguage\":\"fr-FR\",\"url\":\"https:\/\/neelemilie-therapie.fr\/wp-content\/uploads\/2019\/08\/20190606_161739-e1564701618613.jpg\",\"contentUrl\":\"https:\/\/neelemilie-therapie.fr\/wp-content\/uploads\/2019\/08\/20190606_161739-e1564701618613.jpg\",\"width\":3456,\"height\":3398},{\"@type\":\"WebPage\",\"@id\":\"https:\/\/neelemilie-therapie.fr\/index.php\/mediation-par-lanimal\/#webpage\",\"url\":\"https:\/\/neelemilie-therapie.fr\/index.php\/mediation-par-lanimal\/\",\"name\":\"M\u00e9diation par l'animal - TH\u00c9RAPIE ET M\u00c9DIATION PAR L&#039;ANIMAL\",\"isPartOf\":{\"@id\":\"https:\/\/neelemilie-therapie.fr\/#website\"},\"primaryImageOfPage\":{\"@id\":\"https:\/\/neelemilie-therapie.fr\/index.php\/mediation-par-lanimal\/#primaryimage\"},\"datePublished\":\"2019-07-31T17:01:10+00:00\",\"dateModified\":\"2019-09-22T00:03:53+00:00\",\"breadcrumb\":{\"@id\":\"https:\/\/neelemilie-therapie.fr\/index.php\/mediation-par-lanimal\/#breadcrumb\"},\"inLanguage\":\"fr-FR\",\"potentialAction\":[{\"@type\":\"ReadAction\",\"target\":[\"https:\/\/neelemilie-therapie.fr\/index.php\/mediation-par-lanimal\/\"]}]},{\"@type\":\"BreadcrumbList\",\"@id\":\"https:\/\/neelemilie-therapie.fr\/index.php\/mediation-par-lanimal\/#breadcrumb\",\"itemListElement\":[{\"@type\":\"ListItem\",\"position\":1,\"name\":\"Accueil\",\"item\":\"https:\/\/neelemilie-therapie.fr\/\"},{\"@type\":\"ListItem\",\"position\":2,\"name\":\"M\u00e9diation par l&rsquo;animal\"}]}]}<\/script>\n<!-- \/ Yoast SEO plugin. -->","yoast_head_json":{"title":"M\u00e9diation par l'animal - TH\u00c9RAPIE ET M\u00c9DIATION PAR L&#039;ANIMAL","robots":{"index":"index","follow":"follow","max-snippet":"max-snippet:-1","max-image-preview":"max-image-preview:large","max-video-preview":"max-video-preview:-1"},"canonical":"https:\/\/neelemilie-therapie.fr\/index.php\/mediation-par-lanimal\/","og_locale":"fr_FR","og_type":"article","og_title":"M\u00e9diation par l'animal - TH\u00c9RAPIE ET M\u00c9DIATION PAR L&#039;ANIMAL","og_description":"Les bienfaits de la m\u00e9diation animale \/ Zooth\u00e9rapie Aux Etats-Unis, on parle de \u00ab&nbsp;zooth\u00e9rapie&nbsp;\u00bb. En France, on utilise plut\u00f4t le terme de \u00ab&nbsp;m\u00e9diation animale&nbsp;\u00bb. Adapt\u00e9e \u00e0 tout public, elle permet de favoriser et maintenir le bien-\u00eatre physique et psychologique. Cette activit\u00e9 est exerc\u00e9e par un professionnel dipl\u00f4m\u00e9 en relation humaine et sp\u00e9cialis\u00e9 dans la m\u00e9diation &hellip; Continuer la lecture de &laquo;&nbsp;M\u00e9diation par l&rsquo;animal&nbsp;&raquo;","og_url":"https:\/\/neelemilie-therapie.fr\/index.php\/mediation-par-lanimal\/","og_site_name":"TH\u00c9RAPIE ET M\u00c9DIATION PAR L&#039;ANIMAL","article_modified_time":"2019-09-22T00:03:53+00:00","og_image":[{"width":1024,"height":1007,"url":"https:\/\/neelemilie-therapie.fr\/wp-content\/uploads\/2019\/08\/20190606_161739-e1564701618613-1024x1007.jpg","type":"image\/jpeg"}],"twitter_card":"summary_large_image","twitter_misc":{"Dur\u00e9e de lecture estim\u00e9e":"8 minutes"},"schema":{"@context":"https:\/\/schema.org","@graph":[{"@type":"WebSite","@id":"https:\/\/neelemilie-therapie.fr\/#website","url":"https:\/\/neelemilie-therapie.fr\/","name":"TH\u00c9RAPIE ET M\u00c9DIATION PAR L&#039;ANIMAL","description":"VOUS ACCOMPAGNE SUR LE CHEMIN DU MIEUX-\u00caTRE","potentialAction":[{"@type":"SearchAction","target":{"@type":"EntryPoint","urlTemplate":"https:\/\/neelemilie-therapie.fr\/?s={search_term_string}"},"query-input":"required name=search_term_string"}],"inLanguage":"fr-FR"},{"@type":"ImageObject","@id":"https:\/\/neelemilie-therapie.fr\/index.php\/mediation-par-lanimal\/#primaryimage","inLanguage":"fr-FR","url":"https:\/\/neelemilie-therapie.fr\/wp-content\/uploads\/2019\/08\/20190606_161739-e1564701618613.jpg","contentUrl":"https:\/\/neelemilie-therapie.fr\/wp-content\/uploads\/2019\/08\/20190606_161739-e1564701618613.jpg","width":3456,"height":3398},{"@type":"WebPage","@id":"https:\/\/neelemilie-therapie.fr\/index.php\/mediation-par-lanimal\/#webpage","url":"https:\/\/neelemilie-therapie.fr\/index.php\/mediation-par-lanimal\/","name":"M\u00e9diation par l'animal - TH\u00c9RAPIE ET M\u00c9DIATION PAR L&#039;ANIMAL","isPartOf":{"@id":"https:\/\/neelemilie-therapie.fr\/#website"},"primaryImageOfPage":{"@id":"https:\/\/neelemilie-therapie.fr\/index.php\/mediation-par-lanimal\/#primaryimage"},"datePublished":"2019-07-31T17:01:10+00:00","dateModified":"2019-09-22T00:03:53+00:00","breadcrumb":{"@id":"https:\/\/neelemilie-therapie.fr\/index.php\/mediation-par-lanimal\/#breadcrumb"},"inLanguage":"fr-FR","potentialAction":[{"@type":"ReadAction","target":["https:\/\/neelemilie-therapie.fr\/index.php\/mediation-par-lanimal\/"]}]},{"@type":"BreadcrumbList","@id":"https:\/\/neelemilie-therapie.fr\/index.php\/mediation-par-lanimal\/#breadcrumb","itemListElement":[{"@type":"ListItem","position":1,"name":"Accueil","item":"https:\/\/neelemilie-therapie.fr\/"},{"@type":"ListItem","position":2,"name":"M\u00e9diation par l&rsquo;animal"}]}]}},"_links":{"self":[{"href":"https:\/\/neelemilie-therapie.fr\/index.php\/wp-json\/wp\/v2\/pages\/160"}],"collection":[{"href":"https:\/\/neelemilie-therapie.fr\/index.php\/wp-json\/wp\/v2\/pages"}],"about":[{"href":"https:\/\/neelemilie-therapie.fr\/index.php\/wp-json\/wp\/v2\/types\/page"}],"author":[{"embeddable":true,"href":"https:\/\/neelemilie-therapie.fr\/index.php\/wp-json\/wp\/v2\/users\/1"}],"replies":[{"embeddable":true,"href":"https:\/\/neelemilie-therapie.fr\/index.php\/wp-json\/wp\/v2\/comments?post=160"}],"version-history":[{"count":10,"href":"https:\/\/neelemilie-therapie.fr\/index.php\/wp-json\/wp\/v2\/pages\/160\/revisions"}],"predecessor-version":[{"id":307,"href":"https:\/\/neelemilie-therapie.fr\/index.php\/wp-json\/wp\/v2\/pages\/160\/revisions\/307"}],"wp:featuredmedia":[{"embeddable":true,"href":"https:\/\/neelemilie-therapie.fr\/index.php\/wp-json\/wp\/v2\/media\/196"}],"wp:attachment":[{"href":"https:\/\/neelemilie-therapie.fr\/index.php\/wp-json\/wp\/v2\/media?parent=160"}],"curies":[{"name":"wp","href":"https:\/\/api.w.org\/{rel}","templated":true}]}}