{"id":178,"date":"2019-08-01T19:50:27","date_gmt":"2019-08-01T17:50:27","guid":{"rendered":"http:\/\/neelemilie-therapie.fr\/?page_id=178"},"modified":"2019-09-16T23:38:19","modified_gmt":"2019-09-16T21:38:19","slug":"infos-pratiques","status":"publish","type":"page","link":"https:\/\/neelemilie-therapie.fr\/index.php\/infos-pratiques\/","title":{"rendered":"Infos pratiques"},"content":{"rendered":"\n<p>J\u2019adh\u00e8re \u00e0 la  <a href=\"https:\/\/www.institutfrancaisdezootherapie.com\/charte-de-deontologie.ifz\">Charte d\u2019\u00e9thique et de d\u00e9ontologie<\/a>  du<strong>&nbsp;Syndicat National Fran\u00e7ais des Zooth\u00e9rapeutes et Intervenants en M\u00e9diation par l&rsquo;Animal<\/strong> et m\u2019engage \u00e0 respecter, anonymat et confidentialit\u00e9, conform\u00e9ment au droit du secret professionnel.<br>En effet, pour garantir un maximum d\u2019efficacit\u00e9 du travail, il est important que vous vous sentiez en confiance. Votre perception est un crit\u00e8re essentiel \u00e0 cette collaboration.<\/p>\n\n\n\n<p>Je propose un service \u00ab\u00a0au plus pr\u00e8s \u00bb en assurant d\u00e9placements et suivis t\u00e9l\u00e9phoniques. Ces soutiens suppl\u00e9mentaires et personnalis\u00e9s vous permettront de vous assurer\u00a0; de ma d\u00e9marche bienveillante, de ma proximit\u00e9 et de ma disponibilit\u00e9 dans l&rsquo;accompagnement de votre mieux-\u00eatre. <\/p>\n\n\n\n<p>La dur\u00e9e moyenne d\u2019une th\u00e9rapie varie en fonction de la personnalit\u00e9, des difficult\u00e9s et des objectifs.                                                                                                                                                          Le cadre est am\u00e9nag\u00e9 suivant chaque type d&rsquo;intervention.  <\/p>\n\n\n\n<p>Cependant\nles fondamentaux restent les m\u00eames :<\/p>\n\n\n\n<ul><li>Dur\u00e9e,\n\tlieu des s\u00e9ances\n\t<\/li><li>Fr\u00e9quence\n\t<\/li><li>Confidentialit\u00e9,\n\tneutralit\u00e9\n\t\n\t\n\t<\/li><li>Paiement\n\tdes s\u00e9ances\n<\/li><\/ul>\n\n\n\n<p>Ce cadre doit donc \u00eatre accept\u00e9 par la personne qui souhaite s\u2019engager dans une th\u00e9rapie.<\/p>\n\n\n\n<p>J\u2019exerce sur rendez-vous uniquement, en cabinet \u00e0 Belleville en Beaujolais (69) et en intervention ext\u00e9rieure.<\/p>\n\n\n\n<p><strong>Les\ntarifs <\/strong>:\n\n<\/p>\n\n\n\n<ul><li> S\u00e9ance individuelle : A partir de 48 \u20ac    <\/li><li> S\u00e9ance \u00e0 domicile : Avec majoration, selon d\u00e9placement<em>.<\/em>   <\/li><li> Forfait sur devis pour les interventions pris en charge par les institutions et entreprises.  <\/li><\/ul>\n\n\n\n<p>Le nombre de s\u00e9ances est de 5 \u00e0 10 en moyenne pour une Th\u00e9rapie br\u00e8ve.                         Le r\u00e8glement se fait par ch\u00e8que ou esp\u00e8ce \u00e0 la fin de chaque s\u00e9ance.                                   La premi\u00e8re s\u00e9ance, qui dure plus longtemps, est offerte au m\u00eame prix.                            Les suivantes ont une dur\u00e9e de 45 min. <br>Nous d\u00e9cidons ensemble de la fr\u00e9quence des s\u00e9ances.<\/p>\n\n\n\n<p>En cas de difficult\u00e9s financi\u00e8res, une solution sereine peut \u00eatre envisag\u00e9e&nbsp;: n\u2019h\u00e9sitez pas \u00e0 en parler.<br><br>Ces consultations ne sont pas rembours\u00e9es par la S\u00e9curit\u00e9 sociale, mais certaines mutuelles les prennent en charge, en totalit\u00e9 ou en partie. Renseignez-vous&nbsp;!<\/p>\n\n\n\n<p>Toute annulation non pr\u00e9venue <strong>24 h \u00e0 l&rsquo;avance<\/strong> sera factur\u00e9e.<\/p>\n\n\n\n<p>\n<em><strong>EN\nBREF&nbsp;!<\/strong><\/em><\/p>\n\n\n\n<p>\n<strong>JE TRAVAILLE SUR\n:<\/strong> \n<\/p>\n\n\n\n<ul><li>Difficult\u00e9s relationnelles <\/li><li>Phobies\u2026  <\/li><li>Difficult\u00e9s li\u00e9es \u00e0 une crise (deuil, divorce&#8230;) <\/li><li>Comportements a<em>ddictifs<\/em> <\/li><li>Troubles anxieux, d\u00e9pressifs <\/li><li>Troubles du comportement <\/li><li>Troubles du d\u00e9veloppement<\/li><li>Interrogation identitaire  <\/li><\/ul>\n\n\n\n<p><strong>JE RE\u00c7OIS :<\/strong> <\/p>\n\n\n\n<ul><li>Adultes <\/li><li>Ados <\/li><li>enfants <\/li><\/ul>\n\n\n\n<p>\n<strong>SERVICES\n+<\/strong><\/p>\n\n\n\n<ul><li>Interventions en \u00e9tablissement <\/li><li>Consultations au cabinet  <\/li><li>Consultations \u00e0 domicile <\/li><li>Soutien t\u00e9l\u00e9phonique <\/li><\/ul>\n\n\n\n<p>Si vous avez des questions, vous pouvez m\u2019envoyer un mail \u00e0  <a>neelemilie@free.fr<\/a> ou me contacter au 06 36 49 24 06 pour prendre RDV ou obtenir plus d\u2019informations.<br>Je suis \u00e0 votre disposition sans aucun engagement de votre part. <\/p>\n","protected":false},"excerpt":{"rendered":"<p>J\u2019adh\u00e8re \u00e0 la Charte d\u2019\u00e9thique et de d\u00e9ontologie du&nbsp;Syndicat National Fran\u00e7ais des Zooth\u00e9rapeutes et Intervenants en M\u00e9diation par l&rsquo;Animal et m\u2019engage \u00e0 respecter, anonymat et confidentialit\u00e9, conform\u00e9ment au droit du secret professionnel.En effet, pour garantir un maximum d\u2019efficacit\u00e9 du travail, il est important que vous vous sentiez en confiance. Votre perception est un crit\u00e8re essentiel &hellip; <\/p>\n<p class=\"link-more\"><a href=\"https:\/\/neelemilie-therapie.fr\/index.php\/infos-pratiques\/\" class=\"more-link\">Continuer la lecture<span class=\"screen-reader-text\"> de &laquo;&nbsp;Infos pratiques&nbsp;&raquo;<\/span><\/a><\/p>\n","protected":false},"author":1,"featured_media":63,"parent":0,"menu_order":0,"comment_status":"closed","ping_status":"closed","template":"","meta":{"_mi_skip_tracking":false},"yoast_head":"<!-- This site is optimized with the Yoast SEO plugin v18.6 - https:\/\/yoast.com\/wordpress\/plugins\/seo\/ -->\n<title>Infos pratiques - TH\u00c9RAPIE ET M\u00c9DIATION PAR L&#039;ANIMAL<\/title>\n<meta name=\"robots\" content=\"index, follow, max-snippet:-1, max-image-preview:large, max-video-preview:-1\" \/>\n<link rel=\"canonical\" href=\"https:\/\/neelemilie-therapie.fr\/index.php\/infos-pratiques\/\" \/>\n<meta property=\"og:locale\" content=\"fr_FR\" \/>\n<meta property=\"og:type\" content=\"article\" \/>\n<meta property=\"og:title\" content=\"Infos pratiques - TH\u00c9RAPIE ET M\u00c9DIATION PAR L&#039;ANIMAL\" \/>\n<meta property=\"og:description\" content=\"J\u2019adh\u00e8re \u00e0 la Charte d\u2019\u00e9thique et de d\u00e9ontologie du&nbsp;Syndicat National Fran\u00e7ais des Zooth\u00e9rapeutes et Intervenants en M\u00e9diation par l&rsquo;Animal et m\u2019engage \u00e0 respecter, anonymat et confidentialit\u00e9, conform\u00e9ment au droit du secret professionnel.En effet, pour garantir un maximum d\u2019efficacit\u00e9 du travail, il est important que vous vous sentiez en confiance. Votre perception est un crit\u00e8re essentiel &hellip; Continuer la lecture de &laquo;&nbsp;Infos pratiques&nbsp;&raquo;\" \/>\n<meta property=\"og:url\" content=\"https:\/\/neelemilie-therapie.fr\/index.php\/infos-pratiques\/\" \/>\n<meta property=\"og:site_name\" content=\"TH\u00c9RAPIE ET M\u00c9DIATION PAR L&#039;ANIMAL\" \/>\n<meta property=\"article:modified_time\" content=\"2019-09-16T21:38:19+00:00\" \/>\n<meta property=\"og:image\" content=\"https:\/\/neelemilie-therapie.fr\/wp-content\/uploads\/2019\/07\/logo-EN2-1.png\" \/>\n\t<meta property=\"og:image:width\" content=\"158\" \/>\n\t<meta property=\"og:image:height\" content=\"184\" \/>\n\t<meta property=\"og:image:type\" content=\"image\/png\" \/>\n<meta name=\"twitter:card\" content=\"summary_large_image\" \/>\n<meta name=\"twitter:label1\" content=\"Dur\u00e9e de lecture estim\u00e9e\" \/>\n\t<meta name=\"twitter:data1\" content=\"2 minutes\" \/>\n<script type=\"application\/ld+json\" class=\"yoast-schema-graph\">{\"@context\":\"https:\/\/schema.org\",\"@graph\":[{\"@type\":\"WebSite\",\"@id\":\"https:\/\/neelemilie-therapie.fr\/#website\",\"url\":\"https:\/\/neelemilie-therapie.fr\/\",\"name\":\"TH\u00c9RAPIE ET M\u00c9DIATION PAR L&#039;ANIMAL\",\"description\":\"VOUS ACCOMPAGNE SUR LE CHEMIN DU MIEUX-\u00caTRE\",\"potentialAction\":[{\"@type\":\"SearchAction\",\"target\":{\"@type\":\"EntryPoint\",\"urlTemplate\":\"https:\/\/neelemilie-therapie.fr\/?s={search_term_string}\"},\"query-input\":\"required name=search_term_string\"}],\"inLanguage\":\"fr-FR\"},{\"@type\":\"ImageObject\",\"@id\":\"https:\/\/neelemilie-therapie.fr\/index.php\/infos-pratiques\/#primaryimage\",\"inLanguage\":\"fr-FR\",\"url\":\"https:\/\/neelemilie-therapie.fr\/wp-content\/uploads\/2019\/07\/logo-EN2-1.png\",\"contentUrl\":\"https:\/\/neelemilie-therapie.fr\/wp-content\/uploads\/2019\/07\/logo-EN2-1.png\",\"width\":158,\"height\":184},{\"@type\":\"WebPage\",\"@id\":\"https:\/\/neelemilie-therapie.fr\/index.php\/infos-pratiques\/#webpage\",\"url\":\"https:\/\/neelemilie-therapie.fr\/index.php\/infos-pratiques\/\",\"name\":\"Infos pratiques - TH\u00c9RAPIE ET M\u00c9DIATION PAR L&#039;ANIMAL\",\"isPartOf\":{\"@id\":\"https:\/\/neelemilie-therapie.fr\/#website\"},\"primaryImageOfPage\":{\"@id\":\"https:\/\/neelemilie-therapie.fr\/index.php\/infos-pratiques\/#primaryimage\"},\"datePublished\":\"2019-08-01T17:50:27+00:00\",\"dateModified\":\"2019-09-16T21:38:19+00:00\",\"breadcrumb\":{\"@id\":\"https:\/\/neelemilie-therapie.fr\/index.php\/infos-pratiques\/#breadcrumb\"},\"inLanguage\":\"fr-FR\",\"potentialAction\":[{\"@type\":\"ReadAction\",\"target\":[\"https:\/\/neelemilie-therapie.fr\/index.php\/infos-pratiques\/\"]}]},{\"@type\":\"BreadcrumbList\",\"@id\":\"https:\/\/neelemilie-therapie.fr\/index.php\/infos-pratiques\/#breadcrumb\",\"itemListElement\":[{\"@type\":\"ListItem\",\"position\":1,\"name\":\"Accueil\",\"item\":\"https:\/\/neelemilie-therapie.fr\/\"},{\"@type\":\"ListItem\",\"position\":2,\"name\":\"Infos pratiques\"}]}]}<\/script>\n<!-- \/ Yoast SEO plugin. -->","yoast_head_json":{"title":"Infos pratiques - TH\u00c9RAPIE ET M\u00c9DIATION PAR L&#039;ANIMAL","robots":{"index":"index","follow":"follow","max-snippet":"max-snippet:-1","max-image-preview":"max-image-preview:large","max-video-preview":"max-video-preview:-1"},"canonical":"https:\/\/neelemilie-therapie.fr\/index.php\/infos-pratiques\/","og_locale":"fr_FR","og_type":"article","og_title":"Infos pratiques - TH\u00c9RAPIE ET M\u00c9DIATION PAR L&#039;ANIMAL","og_description":"J\u2019adh\u00e8re \u00e0 la Charte d\u2019\u00e9thique et de d\u00e9ontologie du&nbsp;Syndicat National Fran\u00e7ais des Zooth\u00e9rapeutes et Intervenants en M\u00e9diation par l&rsquo;Animal et m\u2019engage \u00e0 respecter, anonymat et confidentialit\u00e9, conform\u00e9ment au droit du secret professionnel.En effet, pour garantir un maximum d\u2019efficacit\u00e9 du travail, il est important que vous vous sentiez en confiance. Votre perception est un crit\u00e8re essentiel &hellip; Continuer la lecture de &laquo;&nbsp;Infos pratiques&nbsp;&raquo;","og_url":"https:\/\/neelemilie-therapie.fr\/index.php\/infos-pratiques\/","og_site_name":"TH\u00c9RAPIE ET M\u00c9DIATION PAR L&#039;ANIMAL","article_modified_time":"2019-09-16T21:38:19+00:00","og_image":[{"width":158,"height":184,"url":"https:\/\/neelemilie-therapie.fr\/wp-content\/uploads\/2019\/07\/logo-EN2-1.png","type":"image\/png"}],"twitter_card":"summary_large_image","twitter_misc":{"Dur\u00e9e de lecture estim\u00e9e":"2 minutes"},"schema":{"@context":"https:\/\/schema.org","@graph":[{"@type":"WebSite","@id":"https:\/\/neelemilie-therapie.fr\/#website","url":"https:\/\/neelemilie-therapie.fr\/","name":"TH\u00c9RAPIE ET M\u00c9DIATION PAR L&#039;ANIMAL","description":"VOUS ACCOMPAGNE SUR LE CHEMIN DU MIEUX-\u00caTRE","potentialAction":[{"@type":"SearchAction","target":{"@type":"EntryPoint","urlTemplate":"https:\/\/neelemilie-therapie.fr\/?s={search_term_string}"},"query-input":"required name=search_term_string"}],"inLanguage":"fr-FR"},{"@type":"ImageObject","@id":"https:\/\/neelemilie-therapie.fr\/index.php\/infos-pratiques\/#primaryimage","inLanguage":"fr-FR","url":"https:\/\/neelemilie-therapie.fr\/wp-content\/uploads\/2019\/07\/logo-EN2-1.png","contentUrl":"https:\/\/neelemilie-therapie.fr\/wp-content\/uploads\/2019\/07\/logo-EN2-1.png","width":158,"height":184},{"@type":"WebPage","@id":"https:\/\/neelemilie-therapie.fr\/index.php\/infos-pratiques\/#webpage","url":"https:\/\/neelemilie-therapie.fr\/index.php\/infos-pratiques\/","name":"Infos pratiques - TH\u00c9RAPIE ET M\u00c9DIATION PAR L&#039;ANIMAL","isPartOf":{"@id":"https:\/\/neelemilie-therapie.fr\/#website"},"primaryImageOfPage":{"@id":"https:\/\/neelemilie-therapie.fr\/index.php\/infos-pratiques\/#primaryimage"},"datePublished":"2019-08-01T17:50:27+00:00","dateModified":"2019-09-16T21:38:19+00:00","breadcrumb":{"@id":"https:\/\/neelemilie-therapie.fr\/index.php\/infos-pratiques\/#breadcrumb"},"inLanguage":"fr-FR","potentialAction":[{"@type":"ReadAction","target":["https:\/\/neelemilie-therapie.fr\/index.php\/infos-pratiques\/"]}]},{"@type":"BreadcrumbList","@id":"https:\/\/neelemilie-therapie.fr\/index.php\/infos-pratiques\/#breadcrumb","itemListElement":[{"@type":"ListItem","position":1,"name":"Accueil","item":"https:\/\/neelemilie-therapie.fr\/"},{"@type":"ListItem","position":2,"name":"Infos pratiques"}]}]}},"_links":{"self":[{"href":"https:\/\/neelemilie-therapie.fr\/index.php\/wp-json\/wp\/v2\/pages\/178"}],"collection":[{"href":"https:\/\/neelemilie-therapie.fr\/index.php\/wp-json\/wp\/v2\/pages"}],"about":[{"href":"https:\/\/neelemilie-therapie.fr\/index.php\/wp-json\/wp\/v2\/types\/page"}],"author":[{"embeddable":true,"href":"https:\/\/neelemilie-therapie.fr\/index.php\/wp-json\/wp\/v2\/users\/1"}],"replies":[{"embeddable":true,"href":"https:\/\/neelemilie-therapie.fr\/index.php\/wp-json\/wp\/v2\/comments?post=178"}],"version-history":[{"count":9,"href":"https:\/\/neelemilie-therapie.fr\/index.php\/wp-json\/wp\/v2\/pages\/178\/revisions"}],"predecessor-version":[{"id":279,"href":"https:\/\/neelemilie-therapie.fr\/index.php\/wp-json\/wp\/v2\/pages\/178\/revisions\/279"}],"wp:featuredmedia":[{"embeddable":true,"href":"https:\/\/neelemilie-therapie.fr\/index.php\/wp-json\/wp\/v2\/media\/63"}],"wp:attachment":[{"href":"https:\/\/neelemilie-therapie.fr\/index.php\/wp-json\/wp\/v2\/media?parent=178"}],"curies":[{"name":"wp","href":"https:\/\/api.w.org\/{rel}","templated":true}]}}