{"id":185,"date":"2019-08-01T19:57:05","date_gmt":"2019-08-01T17:57:05","guid":{"rendered":"http:\/\/neelemilie-therapie.fr\/?page_id=185"},"modified":"2019-08-01T19:57:05","modified_gmt":"2019-08-01T17:57:05","slug":"une-therapie-pourquoi-pas","status":"publish","type":"page","link":"https:\/\/neelemilie-therapie.fr\/index.php\/une-therapie-pourquoi-pas\/","title":{"rendered":"Une th\u00e9rapie, pourquoi pas ?"},"content":{"rendered":"\n<p>Les motifs de consultation sont nombreux. La raison principale est que vous ne vous sentez pas bien depuis trop longtemps. Cela peut se manifester de plusieurs fa\u00e7ons\u00a0: par un mal-\u00eatre, une maladie, des crises d\u2019angoisse, des insomnies, des questionnements ent\u00eatants, des situations ou des comportements inadapt\u00e9s ou qui se r\u00e9p\u00e8tent, etc\u2026.  <\/p>\n\n\n\n<p> Je vous accueillerai lors d\u2019un premier rendez-vous afin de faire connaissance et de comprendre ce qui vous am\u00e8ne \u00e0 notre rencontre. <\/p>\n\n\n\n<p> Puis je vous proposerai, si c\u2019est dans mon champ d\u2019intervention, en suivant vos aspirations profondes et apr\u00e8s avoir d\u00e9termin\u00e9 ensemble votre objectif, de vous aider par un accompagnement respectueux \u00e0 avancer vers plus de libert\u00e9 et d\u2019\u00e9panouissement.                                                                                                                                                    Vous passerez par diff\u00e9rentes \u00e9tapes : des p\u00e9riodes de lib\u00e9ration, des p\u00e9riodes de r\u00e9sistance, des p\u00e9riodes de changement&#8230;                                                                                          Ensemble, nous trouverons la solution la mieux adapt\u00e9e \u00e0 votre \u00e9volution positive.  <\/p>\n\n\n\n<p style=\"text-align:center\"><strong><em>La th\u00e9rapie c&rsquo;est un voyage en soi, elle est utilis\u00e9e pour explorer, analyser et mettre en lumi\u00e8re les diff\u00e9rentes facettes de sa personnalit\u00e9, afin de pouvoir les utiliser diff\u00e9remment. C&rsquo;est aussi accepter de suivre, jusqu&rsquo;au bout, un chemin sinueux et escarp\u00e9,  qui vous conduira, pas \u00e0 pas, vers ce qu&rsquo;il y a de meilleur en vous et pour vous, afin d&rsquo;arriver \u00e0 destination du mieux-\u00eatre.<\/em><\/strong><\/p>\n","protected":false},"excerpt":{"rendered":"<p>Les motifs de consultation sont nombreux. La raison principale est que vous ne vous sentez pas bien depuis trop longtemps. Cela peut se manifester de plusieurs fa\u00e7ons\u00a0: par un mal-\u00eatre, une maladie, des crises d\u2019angoisse, des insomnies, des questionnements ent\u00eatants, des situations ou des comportements inadapt\u00e9s ou qui se r\u00e9p\u00e8tent, etc\u2026. Je vous accueillerai lors &hellip; <\/p>\n<p class=\"link-more\"><a href=\"https:\/\/neelemilie-therapie.fr\/index.php\/une-therapie-pourquoi-pas\/\" class=\"more-link\">Continuer la lecture<span class=\"screen-reader-text\"> de &laquo;&nbsp;Une th\u00e9rapie, pourquoi pas ?&nbsp;&raquo;<\/span><\/a><\/p>\n","protected":false},"author":1,"featured_media":63,"parent":0,"menu_order":0,"comment_status":"closed","ping_status":"closed","template":"","meta":{"_mi_skip_tracking":false},"yoast_head":"<!-- This site is optimized with the Yoast SEO plugin v18.6 - https:\/\/yoast.com\/wordpress\/plugins\/seo\/ -->\n<title>Une th\u00e9rapie, pourquoi pas ? - TH\u00c9RAPIE ET M\u00c9DIATION PAR L&#039;ANIMAL<\/title>\n<meta name=\"robots\" content=\"index, follow, max-snippet:-1, max-image-preview:large, max-video-preview:-1\" \/>\n<link rel=\"canonical\" href=\"http:\/\/neelemilie-therapie.fr\/index.php\/une-therapie-pourquoi-pas\/\" \/>\n<meta property=\"og:locale\" content=\"fr_FR\" \/>\n<meta property=\"og:type\" content=\"article\" \/>\n<meta property=\"og:title\" content=\"Une th\u00e9rapie, pourquoi pas ? - TH\u00c9RAPIE ET M\u00c9DIATION PAR L&#039;ANIMAL\" \/>\n<meta property=\"og:description\" content=\"Les motifs de consultation sont nombreux. La raison principale est que vous ne vous sentez pas bien depuis trop longtemps. Cela peut se manifester de plusieurs fa\u00e7ons\u00a0: par un mal-\u00eatre, une maladie, des crises d\u2019angoisse, des insomnies, des questionnements ent\u00eatants, des situations ou des comportements inadapt\u00e9s ou qui se r\u00e9p\u00e8tent, etc\u2026. Je vous accueillerai lors &hellip; Continuer la lecture de &laquo;&nbsp;Une th\u00e9rapie, pourquoi pas ?&nbsp;&raquo;\" \/>\n<meta property=\"og:url\" content=\"http:\/\/neelemilie-therapie.fr\/index.php\/une-therapie-pourquoi-pas\/\" \/>\n<meta property=\"og:site_name\" content=\"TH\u00c9RAPIE ET M\u00c9DIATION PAR L&#039;ANIMAL\" \/>\n<meta property=\"og:image\" content=\"http:\/\/neelemilie-therapie.fr\/wp-content\/uploads\/2019\/07\/logo-EN2-1.png\" \/>\n\t<meta property=\"og:image:width\" content=\"158\" \/>\n\t<meta property=\"og:image:height\" content=\"184\" \/>\n\t<meta property=\"og:image:type\" content=\"image\/png\" \/>\n<meta name=\"twitter:card\" content=\"summary_large_image\" \/>\n<meta name=\"twitter:label1\" content=\"Dur\u00e9e de lecture estim\u00e9e\" \/>\n\t<meta name=\"twitter:data1\" content=\"1 minute\" \/>\n<script type=\"application\/ld+json\" class=\"yoast-schema-graph\">{\"@context\":\"https:\/\/schema.org\",\"@graph\":[{\"@type\":\"WebSite\",\"@id\":\"https:\/\/neelemilie-therapie.fr\/#website\",\"url\":\"https:\/\/neelemilie-therapie.fr\/\",\"name\":\"TH\u00c9RAPIE ET M\u00c9DIATION PAR L&#039;ANIMAL\",\"description\":\"VOUS ACCOMPAGNE SUR LE CHEMIN DU MIEUX-\u00caTRE\",\"potentialAction\":[{\"@type\":\"SearchAction\",\"target\":{\"@type\":\"EntryPoint\",\"urlTemplate\":\"https:\/\/neelemilie-therapie.fr\/?s={search_term_string}\"},\"query-input\":\"required name=search_term_string\"}],\"inLanguage\":\"fr-FR\"},{\"@type\":\"ImageObject\",\"@id\":\"http:\/\/neelemilie-therapie.fr\/index.php\/une-therapie-pourquoi-pas\/#primaryimage\",\"inLanguage\":\"fr-FR\",\"url\":\"https:\/\/neelemilie-therapie.fr\/wp-content\/uploads\/2019\/07\/logo-EN2-1.png\",\"contentUrl\":\"https:\/\/neelemilie-therapie.fr\/wp-content\/uploads\/2019\/07\/logo-EN2-1.png\",\"width\":158,\"height\":184},{\"@type\":\"WebPage\",\"@id\":\"http:\/\/neelemilie-therapie.fr\/index.php\/une-therapie-pourquoi-pas\/#webpage\",\"url\":\"http:\/\/neelemilie-therapie.fr\/index.php\/une-therapie-pourquoi-pas\/\",\"name\":\"Une th\u00e9rapie, pourquoi pas ? - TH\u00c9RAPIE ET M\u00c9DIATION PAR L&#039;ANIMAL\",\"isPartOf\":{\"@id\":\"https:\/\/neelemilie-therapie.fr\/#website\"},\"primaryImageOfPage\":{\"@id\":\"http:\/\/neelemilie-therapie.fr\/index.php\/une-therapie-pourquoi-pas\/#primaryimage\"},\"datePublished\":\"2019-08-01T17:57:05+00:00\",\"dateModified\":\"2019-08-01T17:57:05+00:00\",\"breadcrumb\":{\"@id\":\"http:\/\/neelemilie-therapie.fr\/index.php\/une-therapie-pourquoi-pas\/#breadcrumb\"},\"inLanguage\":\"fr-FR\",\"potentialAction\":[{\"@type\":\"ReadAction\",\"target\":[\"http:\/\/neelemilie-therapie.fr\/index.php\/une-therapie-pourquoi-pas\/\"]}]},{\"@type\":\"BreadcrumbList\",\"@id\":\"http:\/\/neelemilie-therapie.fr\/index.php\/une-therapie-pourquoi-pas\/#breadcrumb\",\"itemListElement\":[{\"@type\":\"ListItem\",\"position\":1,\"name\":\"Accueil\",\"item\":\"https:\/\/neelemilie-therapie.fr\/\"},{\"@type\":\"ListItem\",\"position\":2,\"name\":\"Une th\u00e9rapie, pourquoi pas ?\"}]}]}<\/script>\n<!-- \/ Yoast SEO plugin. -->","yoast_head_json":{"title":"Une th\u00e9rapie, pourquoi pas ? - TH\u00c9RAPIE ET M\u00c9DIATION PAR L&#039;ANIMAL","robots":{"index":"index","follow":"follow","max-snippet":"max-snippet:-1","max-image-preview":"max-image-preview:large","max-video-preview":"max-video-preview:-1"},"canonical":"http:\/\/neelemilie-therapie.fr\/index.php\/une-therapie-pourquoi-pas\/","og_locale":"fr_FR","og_type":"article","og_title":"Une th\u00e9rapie, pourquoi pas ? - TH\u00c9RAPIE ET M\u00c9DIATION PAR L&#039;ANIMAL","og_description":"Les motifs de consultation sont nombreux. La raison principale est que vous ne vous sentez pas bien depuis trop longtemps. Cela peut se manifester de plusieurs fa\u00e7ons\u00a0: par un mal-\u00eatre, une maladie, des crises d\u2019angoisse, des insomnies, des questionnements ent\u00eatants, des situations ou des comportements inadapt\u00e9s ou qui se r\u00e9p\u00e8tent, etc\u2026. Je vous accueillerai lors &hellip; Continuer la lecture de &laquo;&nbsp;Une th\u00e9rapie, pourquoi pas ?&nbsp;&raquo;","og_url":"http:\/\/neelemilie-therapie.fr\/index.php\/une-therapie-pourquoi-pas\/","og_site_name":"TH\u00c9RAPIE ET M\u00c9DIATION PAR L&#039;ANIMAL","og_image":[{"width":158,"height":184,"url":"http:\/\/neelemilie-therapie.fr\/wp-content\/uploads\/2019\/07\/logo-EN2-1.png","type":"image\/png"}],"twitter_card":"summary_large_image","twitter_misc":{"Dur\u00e9e de lecture estim\u00e9e":"1 minute"},"schema":{"@context":"https:\/\/schema.org","@graph":[{"@type":"WebSite","@id":"https:\/\/neelemilie-therapie.fr\/#website","url":"https:\/\/neelemilie-therapie.fr\/","name":"TH\u00c9RAPIE ET M\u00c9DIATION PAR L&#039;ANIMAL","description":"VOUS ACCOMPAGNE SUR LE CHEMIN DU MIEUX-\u00caTRE","potentialAction":[{"@type":"SearchAction","target":{"@type":"EntryPoint","urlTemplate":"https:\/\/neelemilie-therapie.fr\/?s={search_term_string}"},"query-input":"required name=search_term_string"}],"inLanguage":"fr-FR"},{"@type":"ImageObject","@id":"http:\/\/neelemilie-therapie.fr\/index.php\/une-therapie-pourquoi-pas\/#primaryimage","inLanguage":"fr-FR","url":"https:\/\/neelemilie-therapie.fr\/wp-content\/uploads\/2019\/07\/logo-EN2-1.png","contentUrl":"https:\/\/neelemilie-therapie.fr\/wp-content\/uploads\/2019\/07\/logo-EN2-1.png","width":158,"height":184},{"@type":"WebPage","@id":"http:\/\/neelemilie-therapie.fr\/index.php\/une-therapie-pourquoi-pas\/#webpage","url":"http:\/\/neelemilie-therapie.fr\/index.php\/une-therapie-pourquoi-pas\/","name":"Une th\u00e9rapie, pourquoi pas ? - TH\u00c9RAPIE ET M\u00c9DIATION PAR L&#039;ANIMAL","isPartOf":{"@id":"https:\/\/neelemilie-therapie.fr\/#website"},"primaryImageOfPage":{"@id":"http:\/\/neelemilie-therapie.fr\/index.php\/une-therapie-pourquoi-pas\/#primaryimage"},"datePublished":"2019-08-01T17:57:05+00:00","dateModified":"2019-08-01T17:57:05+00:00","breadcrumb":{"@id":"http:\/\/neelemilie-therapie.fr\/index.php\/une-therapie-pourquoi-pas\/#breadcrumb"},"inLanguage":"fr-FR","potentialAction":[{"@type":"ReadAction","target":["http:\/\/neelemilie-therapie.fr\/index.php\/une-therapie-pourquoi-pas\/"]}]},{"@type":"BreadcrumbList","@id":"http:\/\/neelemilie-therapie.fr\/index.php\/une-therapie-pourquoi-pas\/#breadcrumb","itemListElement":[{"@type":"ListItem","position":1,"name":"Accueil","item":"https:\/\/neelemilie-therapie.fr\/"},{"@type":"ListItem","position":2,"name":"Une th\u00e9rapie, pourquoi pas ?"}]}]}},"_links":{"self":[{"href":"https:\/\/neelemilie-therapie.fr\/index.php\/wp-json\/wp\/v2\/pages\/185"}],"collection":[{"href":"https:\/\/neelemilie-therapie.fr\/index.php\/wp-json\/wp\/v2\/pages"}],"about":[{"href":"https:\/\/neelemilie-therapie.fr\/index.php\/wp-json\/wp\/v2\/types\/page"}],"author":[{"embeddable":true,"href":"https:\/\/neelemilie-therapie.fr\/index.php\/wp-json\/wp\/v2\/users\/1"}],"replies":[{"embeddable":true,"href":"https:\/\/neelemilie-therapie.fr\/index.php\/wp-json\/wp\/v2\/comments?post=185"}],"version-history":[{"count":2,"href":"https:\/\/neelemilie-therapie.fr\/index.php\/wp-json\/wp\/v2\/pages\/185\/revisions"}],"predecessor-version":[{"id":190,"href":"https:\/\/neelemilie-therapie.fr\/index.php\/wp-json\/wp\/v2\/pages\/185\/revisions\/190"}],"wp:featuredmedia":[{"embeddable":true,"href":"https:\/\/neelemilie-therapie.fr\/index.php\/wp-json\/wp\/v2\/media\/63"}],"wp:attachment":[{"href":"https:\/\/neelemilie-therapie.fr\/index.php\/wp-json\/wp\/v2\/media?parent=185"}],"curies":[{"name":"wp","href":"https:\/\/api.w.org\/{rel}","templated":true}]}}