{"id":2,"date":"2019-07-30T12:20:35","date_gmt":"2019-07-30T10:20:35","guid":{"rendered":"http:\/\/neelemilie-therapie.fr\/?page_id=2"},"modified":"2019-09-18T21:56:26","modified_gmt":"2019-09-18T19:56:26","slug":"ma-demarche","status":"publish","type":"page","link":"https:\/\/neelemilie-therapie.fr\/index.php\/ma-demarche\/","title":{"rendered":"Ma d\u00e9marche"},"content":{"rendered":"\n<p> Je n&rsquo;appartiens pas \u00e0 une \u00e9cole de pens\u00e9e unique ; plut\u00f4t que d\u2019\u00e9tudier le pass\u00e9 des patients, je me suis orient\u00e9 vers des th\u00e9rapies qui diff\u00e9rent de la psychanalyse. Afin d\u2019accompagner autrement, les personnes qui cherchent \u00e0 am\u00e9liorer leur vie actuelle.<\/p>\n\n\n\n<p>Pour cela, j\u2019utilise des techniques r\u00e9put\u00e9es rapides et efficaces&nbsp;:<\/p>\n\n\n\n<p> <strong> &#8211; La Th\u00e9rapie Comportementale et Cognitive<\/strong> :                                                                     Valid\u00e9e scientifiquement <sup>1<\/sup>, cette th\u00e9rapie br\u00e8ve a pour objectif de remplacer les id\u00e9es n\u00e9gatives et les comportements inadapt\u00e9s par des pens\u00e9es et des r\u00e9actions en ad\u00e9quation avec la r\u00e9alit\u00e9 et qui font moins souffrir. Le Patient aid\u00e9 du  th\u00e9rapeute cherche \u00e0 rep\u00e9rer les comportements probl\u00e9matiques, ce qui les augmente ou les diminue et leur fr\u00e9quence, ils travaillent \u00e0 partir de \u00e7a, afin de trouver une autre fa\u00e7on d\u2019agir. Le patient apprendra \u00e0 consid\u00e9rer les probl\u00e8mes actuels, tout en prenant en compte ses causes historiques pass\u00e9es.<br> Elle se focalise sur le soin des sympt\u00f4mes, \u00e0 l\u2019inverse des th\u00e9rapies analytiques qui traitent les\u00a0causes\u00a0de ces sympt\u00f4mes. Dans certaines situations, la combinaison de ces deux types de th\u00e9rapies peut \u00eatre une bonne indication.                                                   Tr\u00e8s r\u00e9pandue dans les pays anglo-saxons, les TCC se d\u00e9veloppent en France. <br>Leur efficacit\u00e9 a \u00e9t\u00e9 d\u00e9montr\u00e9e dans la gestion de nombreux troubles ;                               du comportement, de l&rsquo;anxi\u00e9t\u00e9, de l&rsquo;humeur, Troubles Envahissants du D\u00e9veloppement, Troubles du D\u00e9ficit de l&rsquo;Attention, Trouble des Conduites et Trouble Oppositionnel avec Provocation, alimentaire, phobie&#8230; <\/p>\n\n\n\n<p><sup>1<\/sup> Approche \u00e9valu\u00e9e en 2004, en expertise collective r\u00e9alis\u00e9e sous l\u2019\u00e9gide de l\u2019Inserm \u00e0 la demande conjointe de la Direction g\u00e9n\u00e9rale de la sant\u00e9, voir le lien ci-joint:  <br><a href=\"http:\/\/www.ipubli.inserm.fr\/bitstream\/handle\/10608\/147\/expcol_2004_psychotherapie_synthese_fr.pdf?sequence=1)\">http:\/\/www.ipubli.inserm.fr\/<\/a><a rel=\"noreferrer noopener\" href=\"http:\/\/www.ipubli.inserm.fr\/bitstream\/handle\/10608\/147\/expcol_2004_psychotherapie_synthese_fr.pdf?sequence=1)\" target=\"_blank\">bitstream<\/a><a href=\"http:\/\/www.ipubli.inserm.fr\/bitstream\/handle\/10608\/147\/expcol_2004_psychotherapie_synthese_fr.pdf?sequence=1)\">\/handle\/10608\/147\/expcol_2004_psychotherapie_synthese_fr.pdf?sequence=1<\/a> <\/p>\n\n\n\n<p> &#8211; <strong>La Zooth\u00e9rapie \/ M\u00e9diation par l&rsquo;Animal&nbsp;<\/strong>:                                                                                          La zooth\u00e9rapie est un compl\u00e9ment \u00e0 l\u2019intervention de professionnels du soin. C&rsquo;est la recherche des interactions positives issues de la mise en relation intentionnelle Homme-Animal dans le domaine \u00e9ducatif, social et th\u00e9rapeutique. La m\u00e9diation animale consiste \u00e0 faire intervenir un animal soigneusement s\u00e9lectionn\u00e9 et entra\u00een\u00e9, encadr\u00e9 par un professionnel sp\u00e9cialis\u00e9, aupr\u00e8s d\u2019une ou plusieurs personnes dont les besoins ou pathologies ont \u00e9t\u00e9 pr\u00e9alablement cibl\u00e9s, afin de susciter des r\u00e9actions favorisant leur potentiel cognitif, psychologique, physique ou social.  <\/p>\n\n\n\n<p>Elle est notamment utilis\u00e9e dans le cadre de troubles de l\u2019attention et de la concentration, de d\u00e9pr\u00e9ciation de soi, de d\u00e9pression, de solitude et d\u2019isolement, elle s\u2019int\u00e9resse \u00e9galement aux rapports avec autrui, \u00e0 l\u2019\u00e9ducation ou \u00e0 la d\u00e9linquance&#8230; <\/p>\n\n\n\n<p>Il s\u2019agit toujours\nd\u2019\u00e9laborer des projets individualis\u00e9s et de mettre en place des\nobjectifs op\u00e9rationnels d\u00e9finis en accord avec les accompagnants\ntels que le psychologue, l\u2019\u00e9ducateur, l\u2019\u00e9quipe soignante ou\ntout autre professionnel encadrant.<\/p>\n\n\n\n<p>En effet, un patient, invit\u00e9 \u00e0 r\u00e9pondre de lui-m\u00eame, se retrouve souvent en grande difficult\u00e9 pour le faire (inhibition, agitation motrice, fuite\u2026).  L&rsquo; animal peut facilement susciter l\u2019affection et le d\u00e9sir d\u2019\u00eatre en lien avec lui. La seule pr\u00e9sence d\u2019un chien dans la pi\u00e8ce peut diminuer son angoisse\u202f, va faciliter les \u00e9changes et repr\u00e9sente un support vivant sur lequel il peut s\u2019appuyer.<\/p>\n\n\n\n<p><\/p>\n","protected":false},"excerpt":{"rendered":"<p>Je n&rsquo;appartiens pas \u00e0 une \u00e9cole de pens\u00e9e unique ; plut\u00f4t que d\u2019\u00e9tudier le pass\u00e9 des patients, je me suis orient\u00e9 vers des th\u00e9rapies qui diff\u00e9rent de la psychanalyse. Afin d\u2019accompagner autrement, les personnes qui cherchent \u00e0 am\u00e9liorer leur vie actuelle. Pour cela, j\u2019utilise des techniques r\u00e9put\u00e9es rapides et efficaces&nbsp;: &#8211; La Th\u00e9rapie Comportementale et &hellip; <\/p>\n<p class=\"link-more\"><a href=\"https:\/\/neelemilie-therapie.fr\/index.php\/ma-demarche\/\" class=\"more-link\">Continuer la lecture<span class=\"screen-reader-text\"> de &laquo;&nbsp;Ma d\u00e9marche&nbsp;&raquo;<\/span><\/a><\/p>\n","protected":false},"author":1,"featured_media":63,"parent":0,"menu_order":0,"comment_status":"closed","ping_status":"open","template":"","meta":{"_mi_skip_tracking":false},"yoast_head":"<!-- This site is optimized with the Yoast SEO plugin v18.6 - https:\/\/yoast.com\/wordpress\/plugins\/seo\/ -->\n<title>Ma d\u00e9marche - TH\u00c9RAPIE ET M\u00c9DIATION PAR L&#039;ANIMAL<\/title>\n<meta name=\"robots\" content=\"index, follow, max-snippet:-1, max-image-preview:large, max-video-preview:-1\" \/>\n<link rel=\"canonical\" href=\"http:\/\/neelemilie-therapie.fr\/index.php\/ma-demarche\/\" \/>\n<meta property=\"og:locale\" content=\"fr_FR\" \/>\n<meta property=\"og:type\" content=\"article\" \/>\n<meta property=\"og:title\" content=\"Ma d\u00e9marche - TH\u00c9RAPIE ET M\u00c9DIATION PAR L&#039;ANIMAL\" \/>\n<meta property=\"og:description\" content=\"Je n&rsquo;appartiens pas \u00e0 une \u00e9cole de pens\u00e9e unique ; plut\u00f4t que d\u2019\u00e9tudier le pass\u00e9 des patients, je me suis orient\u00e9 vers des th\u00e9rapies qui diff\u00e9rent de la psychanalyse. Afin d\u2019accompagner autrement, les personnes qui cherchent \u00e0 am\u00e9liorer leur vie actuelle. Pour cela, j\u2019utilise des techniques r\u00e9put\u00e9es rapides et efficaces&nbsp;: &#8211; La Th\u00e9rapie Comportementale et &hellip; Continuer la lecture de &laquo;&nbsp;Ma d\u00e9marche&nbsp;&raquo;\" \/>\n<meta property=\"og:url\" content=\"http:\/\/neelemilie-therapie.fr\/index.php\/ma-demarche\/\" \/>\n<meta property=\"og:site_name\" content=\"TH\u00c9RAPIE ET M\u00c9DIATION PAR L&#039;ANIMAL\" \/>\n<meta property=\"article:modified_time\" content=\"2019-09-18T19:56:26+00:00\" \/>\n<meta property=\"og:image\" content=\"http:\/\/neelemilie-therapie.fr\/wp-content\/uploads\/2019\/07\/logo-EN2-1.png\" \/>\n\t<meta property=\"og:image:width\" content=\"158\" \/>\n\t<meta property=\"og:image:height\" content=\"184\" \/>\n\t<meta property=\"og:image:type\" content=\"image\/png\" \/>\n<meta name=\"twitter:card\" content=\"summary_large_image\" \/>\n<meta name=\"twitter:label1\" content=\"Dur\u00e9e de lecture estim\u00e9e\" \/>\n\t<meta name=\"twitter:data1\" content=\"3 minutes\" \/>\n<script type=\"application\/ld+json\" class=\"yoast-schema-graph\">{\"@context\":\"https:\/\/schema.org\",\"@graph\":[{\"@type\":\"WebSite\",\"@id\":\"https:\/\/neelemilie-therapie.fr\/#website\",\"url\":\"https:\/\/neelemilie-therapie.fr\/\",\"name\":\"TH\u00c9RAPIE ET M\u00c9DIATION PAR L&#039;ANIMAL\",\"description\":\"VOUS ACCOMPAGNE SUR LE CHEMIN DU MIEUX-\u00caTRE\",\"potentialAction\":[{\"@type\":\"SearchAction\",\"target\":{\"@type\":\"EntryPoint\",\"urlTemplate\":\"https:\/\/neelemilie-therapie.fr\/?s={search_term_string}\"},\"query-input\":\"required name=search_term_string\"}],\"inLanguage\":\"fr-FR\"},{\"@type\":\"ImageObject\",\"@id\":\"http:\/\/neelemilie-therapie.fr\/index.php\/ma-demarche\/#primaryimage\",\"inLanguage\":\"fr-FR\",\"url\":\"https:\/\/neelemilie-therapie.fr\/wp-content\/uploads\/2019\/07\/logo-EN2-1.png\",\"contentUrl\":\"https:\/\/neelemilie-therapie.fr\/wp-content\/uploads\/2019\/07\/logo-EN2-1.png\",\"width\":158,\"height\":184},{\"@type\":\"WebPage\",\"@id\":\"http:\/\/neelemilie-therapie.fr\/index.php\/ma-demarche\/#webpage\",\"url\":\"http:\/\/neelemilie-therapie.fr\/index.php\/ma-demarche\/\",\"name\":\"Ma d\u00e9marche - TH\u00c9RAPIE ET M\u00c9DIATION PAR L&#039;ANIMAL\",\"isPartOf\":{\"@id\":\"https:\/\/neelemilie-therapie.fr\/#website\"},\"primaryImageOfPage\":{\"@id\":\"http:\/\/neelemilie-therapie.fr\/index.php\/ma-demarche\/#primaryimage\"},\"datePublished\":\"2019-07-30T10:20:35+00:00\",\"dateModified\":\"2019-09-18T19:56:26+00:00\",\"breadcrumb\":{\"@id\":\"http:\/\/neelemilie-therapie.fr\/index.php\/ma-demarche\/#breadcrumb\"},\"inLanguage\":\"fr-FR\",\"potentialAction\":[{\"@type\":\"ReadAction\",\"target\":[\"http:\/\/neelemilie-therapie.fr\/index.php\/ma-demarche\/\"]}]},{\"@type\":\"BreadcrumbList\",\"@id\":\"http:\/\/neelemilie-therapie.fr\/index.php\/ma-demarche\/#breadcrumb\",\"itemListElement\":[{\"@type\":\"ListItem\",\"position\":1,\"name\":\"Accueil\",\"item\":\"https:\/\/neelemilie-therapie.fr\/\"},{\"@type\":\"ListItem\",\"position\":2,\"name\":\"Ma d\u00e9marche\"}]}]}<\/script>\n<!-- \/ Yoast SEO plugin. -->","yoast_head_json":{"title":"Ma d\u00e9marche - TH\u00c9RAPIE ET M\u00c9DIATION PAR L&#039;ANIMAL","robots":{"index":"index","follow":"follow","max-snippet":"max-snippet:-1","max-image-preview":"max-image-preview:large","max-video-preview":"max-video-preview:-1"},"canonical":"http:\/\/neelemilie-therapie.fr\/index.php\/ma-demarche\/","og_locale":"fr_FR","og_type":"article","og_title":"Ma d\u00e9marche - TH\u00c9RAPIE ET M\u00c9DIATION PAR L&#039;ANIMAL","og_description":"Je n&rsquo;appartiens pas \u00e0 une \u00e9cole de pens\u00e9e unique ; plut\u00f4t que d\u2019\u00e9tudier le pass\u00e9 des patients, je me suis orient\u00e9 vers des th\u00e9rapies qui diff\u00e9rent de la psychanalyse. Afin d\u2019accompagner autrement, les personnes qui cherchent \u00e0 am\u00e9liorer leur vie actuelle. Pour cela, j\u2019utilise des techniques r\u00e9put\u00e9es rapides et efficaces&nbsp;: &#8211; La Th\u00e9rapie Comportementale et &hellip; Continuer la lecture de &laquo;&nbsp;Ma d\u00e9marche&nbsp;&raquo;","og_url":"http:\/\/neelemilie-therapie.fr\/index.php\/ma-demarche\/","og_site_name":"TH\u00c9RAPIE ET M\u00c9DIATION PAR L&#039;ANIMAL","article_modified_time":"2019-09-18T19:56:26+00:00","og_image":[{"width":158,"height":184,"url":"http:\/\/neelemilie-therapie.fr\/wp-content\/uploads\/2019\/07\/logo-EN2-1.png","type":"image\/png"}],"twitter_card":"summary_large_image","twitter_misc":{"Dur\u00e9e de lecture estim\u00e9e":"3 minutes"},"schema":{"@context":"https:\/\/schema.org","@graph":[{"@type":"WebSite","@id":"https:\/\/neelemilie-therapie.fr\/#website","url":"https:\/\/neelemilie-therapie.fr\/","name":"TH\u00c9RAPIE ET M\u00c9DIATION PAR L&#039;ANIMAL","description":"VOUS ACCOMPAGNE SUR LE CHEMIN DU MIEUX-\u00caTRE","potentialAction":[{"@type":"SearchAction","target":{"@type":"EntryPoint","urlTemplate":"https:\/\/neelemilie-therapie.fr\/?s={search_term_string}"},"query-input":"required name=search_term_string"}],"inLanguage":"fr-FR"},{"@type":"ImageObject","@id":"http:\/\/neelemilie-therapie.fr\/index.php\/ma-demarche\/#primaryimage","inLanguage":"fr-FR","url":"https:\/\/neelemilie-therapie.fr\/wp-content\/uploads\/2019\/07\/logo-EN2-1.png","contentUrl":"https:\/\/neelemilie-therapie.fr\/wp-content\/uploads\/2019\/07\/logo-EN2-1.png","width":158,"height":184},{"@type":"WebPage","@id":"http:\/\/neelemilie-therapie.fr\/index.php\/ma-demarche\/#webpage","url":"http:\/\/neelemilie-therapie.fr\/index.php\/ma-demarche\/","name":"Ma d\u00e9marche - TH\u00c9RAPIE ET M\u00c9DIATION PAR L&#039;ANIMAL","isPartOf":{"@id":"https:\/\/neelemilie-therapie.fr\/#website"},"primaryImageOfPage":{"@id":"http:\/\/neelemilie-therapie.fr\/index.php\/ma-demarche\/#primaryimage"},"datePublished":"2019-07-30T10:20:35+00:00","dateModified":"2019-09-18T19:56:26+00:00","breadcrumb":{"@id":"http:\/\/neelemilie-therapie.fr\/index.php\/ma-demarche\/#breadcrumb"},"inLanguage":"fr-FR","potentialAction":[{"@type":"ReadAction","target":["http:\/\/neelemilie-therapie.fr\/index.php\/ma-demarche\/"]}]},{"@type":"BreadcrumbList","@id":"http:\/\/neelemilie-therapie.fr\/index.php\/ma-demarche\/#breadcrumb","itemListElement":[{"@type":"ListItem","position":1,"name":"Accueil","item":"https:\/\/neelemilie-therapie.fr\/"},{"@type":"ListItem","position":2,"name":"Ma d\u00e9marche"}]}]}},"_links":{"self":[{"href":"https:\/\/neelemilie-therapie.fr\/index.php\/wp-json\/wp\/v2\/pages\/2"}],"collection":[{"href":"https:\/\/neelemilie-therapie.fr\/index.php\/wp-json\/wp\/v2\/pages"}],"about":[{"href":"https:\/\/neelemilie-therapie.fr\/index.php\/wp-json\/wp\/v2\/types\/page"}],"author":[{"embeddable":true,"href":"https:\/\/neelemilie-therapie.fr\/index.php\/wp-json\/wp\/v2\/users\/1"}],"replies":[{"embeddable":true,"href":"https:\/\/neelemilie-therapie.fr\/index.php\/wp-json\/wp\/v2\/comments?post=2"}],"version-history":[{"count":11,"href":"https:\/\/neelemilie-therapie.fr\/index.php\/wp-json\/wp\/v2\/pages\/2\/revisions"}],"predecessor-version":[{"id":291,"href":"https:\/\/neelemilie-therapie.fr\/index.php\/wp-json\/wp\/v2\/pages\/2\/revisions\/291"}],"wp:featuredmedia":[{"embeddable":true,"href":"https:\/\/neelemilie-therapie.fr\/index.php\/wp-json\/wp\/v2\/media\/63"}],"wp:attachment":[{"href":"https:\/\/neelemilie-therapie.fr\/index.php\/wp-json\/wp\/v2\/media?parent=2"}],"curies":[{"name":"wp","href":"https:\/\/api.w.org\/{rel}","templated":true}]}}