{"id":58,"date":"2019-07-30T19:20:00","date_gmt":"2019-07-30T17:20:00","guid":{"rendered":"http:\/\/neelemilie-therapie.fr\/?page_id=58"},"modified":"2020-02-26T20:51:04","modified_gmt":"2020-02-26T19:51:04","slug":"contact","status":"publish","type":"page","link":"https:\/\/neelemilie-therapie.fr\/index.php\/contact\/","title":{"rendered":"Contact"},"content":{"rendered":"<h2 style=\"text-align: center;\"><span style=\"color: #e11ee8;\"><em><span style=\"vertical-align: inherit;\"><span style=\"vertical-align: inherit;\">Emilie NEEL\u00a0 <\/span><\/span><\/em><\/span><br \/>\n<span style=\"color: #e11ee8;\"><em><span style=\"vertical-align: inherit;\"><span style=\"vertical-align: inherit;\">Psycho-praticienne en Th\u00e9rapie Comportementale et Cognitive <\/span><\/span><\/em><\/span><span style=\"color: #e11ee8;\"><em><span style=\"vertical-align: inherit;\"><span style=\"vertical-align: inherit;\">et en M\u00e9diation par l&rsquo;Animal <\/span><\/span><\/em><\/span><\/h2>\n<h2 style=\"text-align: center;\"><span style=\"color: #e11ee8;\"><em><span style=\"vertical-align: inherit;\"><span style=\"vertical-align: inherit;\">BELLEVILLE EN BEAUJOLAIS<\/span><\/span><\/em><\/span><\/h2>\n<h2 style=\"text-align: center;\"><span style=\"color: #e11ee8;\"><em><span style=\"vertical-align: inherit;\"><span style=\"vertical-align: inherit;\">T\u00e9l: 06.36.49.24.06<\/span><\/span><\/em><\/span><\/h2>\n","protected":false},"excerpt":{"rendered":"<p>Emilie NEEL\u00a0 Psycho-praticienne en Th\u00e9rapie Comportementale et Cognitive et en M\u00e9diation par l&rsquo;Animal BELLEVILLE EN BEAUJOLAIS T\u00e9l: 06.36.49.24.06<\/p>\n","protected":false},"author":1,"featured_media":214,"parent":0,"menu_order":0,"comment_status":"closed","ping_status":"closed","template":"","meta":{"_mi_skip_tracking":false},"yoast_head":"<!-- This site is optimized with the Yoast SEO plugin v18.6 - https:\/\/yoast.com\/wordpress\/plugins\/seo\/ -->\n<title>Contact - TH\u00c9RAPIE ET M\u00c9DIATION PAR L&#039;ANIMAL<\/title>\n<meta name=\"description\" content=\"Psycho-praticienne en Th\u00e9rapie Comportementale et Cognitive et en M\u00e9diation par l&#039;Animal \u00e0 Belleville en Beaujolais\" \/>\n<meta name=\"robots\" content=\"index, follow, max-snippet:-1, max-image-preview:large, max-video-preview:-1\" \/>\n<link rel=\"canonical\" href=\"http:\/\/neelemilie-therapie.fr\/index.php\/contact\/\" \/>\n<meta property=\"og:locale\" content=\"fr_FR\" \/>\n<meta property=\"og:type\" content=\"article\" \/>\n<meta property=\"og:title\" content=\"Contact - TH\u00c9RAPIE ET M\u00c9DIATION PAR L&#039;ANIMAL\" \/>\n<meta property=\"og:description\" content=\"Psycho-praticienne en Th\u00e9rapie Comportementale et Cognitive et en M\u00e9diation par l&#039;Animal \u00e0 Belleville en Beaujolais\" \/>\n<meta property=\"og:url\" content=\"http:\/\/neelemilie-therapie.fr\/index.php\/contact\/\" \/>\n<meta property=\"og:site_name\" content=\"TH\u00c9RAPIE ET M\u00c9DIATION PAR L&#039;ANIMAL\" \/>\n<meta property=\"article:modified_time\" content=\"2020-02-26T19:51:04+00:00\" \/>\n<meta property=\"og:image\" content=\"http:\/\/neelemilie-therapie.fr\/wp-content\/uploads\/2019\/08\/logo-gf-Ste-EN-e1564701077110.jpg\" \/>\n\t<meta property=\"og:image:width\" content=\"1096\" \/>\n\t<meta property=\"og:image:height\" content=\"454\" \/>\n\t<meta property=\"og:image:type\" content=\"image\/jpeg\" \/>\n<meta name=\"twitter:card\" content=\"summary_large_image\" \/>\n<script type=\"application\/ld+json\" class=\"yoast-schema-graph\">{\"@context\":\"https:\/\/schema.org\",\"@graph\":[{\"@type\":\"WebSite\",\"@id\":\"https:\/\/neelemilie-therapie.fr\/#website\",\"url\":\"https:\/\/neelemilie-therapie.fr\/\",\"name\":\"TH\u00c9RAPIE ET M\u00c9DIATION PAR L&#039;ANIMAL\",\"description\":\"VOUS ACCOMPAGNE SUR LE CHEMIN DU MIEUX-\u00caTRE\",\"potentialAction\":[{\"@type\":\"SearchAction\",\"target\":{\"@type\":\"EntryPoint\",\"urlTemplate\":\"https:\/\/neelemilie-therapie.fr\/?s={search_term_string}\"},\"query-input\":\"required name=search_term_string\"}],\"inLanguage\":\"fr-FR\"},{\"@type\":\"ImageObject\",\"@id\":\"http:\/\/neelemilie-therapie.fr\/index.php\/contact\/#primaryimage\",\"inLanguage\":\"fr-FR\",\"url\":\"https:\/\/neelemilie-therapie.fr\/wp-content\/uploads\/2019\/08\/logo-gf-Ste-EN-e1564701077110.jpg\",\"contentUrl\":\"https:\/\/neelemilie-therapie.fr\/wp-content\/uploads\/2019\/08\/logo-gf-Ste-EN-e1564701077110.jpg\",\"width\":1096,\"height\":454},{\"@type\":\"WebPage\",\"@id\":\"http:\/\/neelemilie-therapie.fr\/index.php\/contact\/#webpage\",\"url\":\"http:\/\/neelemilie-therapie.fr\/index.php\/contact\/\",\"name\":\"Contact - TH\u00c9RAPIE ET M\u00c9DIATION PAR L&#039;ANIMAL\",\"isPartOf\":{\"@id\":\"https:\/\/neelemilie-therapie.fr\/#website\"},\"primaryImageOfPage\":{\"@id\":\"http:\/\/neelemilie-therapie.fr\/index.php\/contact\/#primaryimage\"},\"datePublished\":\"2019-07-30T17:20:00+00:00\",\"dateModified\":\"2020-02-26T19:51:04+00:00\",\"description\":\"Psycho-praticienne en Th\u00e9rapie Comportementale et Cognitive et en M\u00e9diation par l'Animal \u00e0 Belleville en Beaujolais\",\"breadcrumb\":{\"@id\":\"http:\/\/neelemilie-therapie.fr\/index.php\/contact\/#breadcrumb\"},\"inLanguage\":\"fr-FR\",\"potentialAction\":[{\"@type\":\"ReadAction\",\"target\":[\"http:\/\/neelemilie-therapie.fr\/index.php\/contact\/\"]}]},{\"@type\":\"BreadcrumbList\",\"@id\":\"http:\/\/neelemilie-therapie.fr\/index.php\/contact\/#breadcrumb\",\"itemListElement\":[{\"@type\":\"ListItem\",\"position\":1,\"name\":\"Accueil\",\"item\":\"https:\/\/neelemilie-therapie.fr\/\"},{\"@type\":\"ListItem\",\"position\":2,\"name\":\"Contact\"}]}]}<\/script>\n<!-- \/ Yoast SEO plugin. -->","yoast_head_json":{"title":"Contact - TH\u00c9RAPIE ET M\u00c9DIATION PAR L&#039;ANIMAL","description":"Psycho-praticienne en Th\u00e9rapie Comportementale et Cognitive et en M\u00e9diation par l'Animal \u00e0 Belleville en Beaujolais","robots":{"index":"index","follow":"follow","max-snippet":"max-snippet:-1","max-image-preview":"max-image-preview:large","max-video-preview":"max-video-preview:-1"},"canonical":"http:\/\/neelemilie-therapie.fr\/index.php\/contact\/","og_locale":"fr_FR","og_type":"article","og_title":"Contact - TH\u00c9RAPIE ET M\u00c9DIATION PAR L&#039;ANIMAL","og_description":"Psycho-praticienne en Th\u00e9rapie Comportementale et Cognitive et en M\u00e9diation par l'Animal \u00e0 Belleville en Beaujolais","og_url":"http:\/\/neelemilie-therapie.fr\/index.php\/contact\/","og_site_name":"TH\u00c9RAPIE ET M\u00c9DIATION PAR L&#039;ANIMAL","article_modified_time":"2020-02-26T19:51:04+00:00","og_image":[{"width":1096,"height":454,"url":"http:\/\/neelemilie-therapie.fr\/wp-content\/uploads\/2019\/08\/logo-gf-Ste-EN-e1564701077110.jpg","type":"image\/jpeg"}],"twitter_card":"summary_large_image","schema":{"@context":"https:\/\/schema.org","@graph":[{"@type":"WebSite","@id":"https:\/\/neelemilie-therapie.fr\/#website","url":"https:\/\/neelemilie-therapie.fr\/","name":"TH\u00c9RAPIE ET M\u00c9DIATION PAR L&#039;ANIMAL","description":"VOUS ACCOMPAGNE SUR LE CHEMIN DU MIEUX-\u00caTRE","potentialAction":[{"@type":"SearchAction","target":{"@type":"EntryPoint","urlTemplate":"https:\/\/neelemilie-therapie.fr\/?s={search_term_string}"},"query-input":"required name=search_term_string"}],"inLanguage":"fr-FR"},{"@type":"ImageObject","@id":"http:\/\/neelemilie-therapie.fr\/index.php\/contact\/#primaryimage","inLanguage":"fr-FR","url":"https:\/\/neelemilie-therapie.fr\/wp-content\/uploads\/2019\/08\/logo-gf-Ste-EN-e1564701077110.jpg","contentUrl":"https:\/\/neelemilie-therapie.fr\/wp-content\/uploads\/2019\/08\/logo-gf-Ste-EN-e1564701077110.jpg","width":1096,"height":454},{"@type":"WebPage","@id":"http:\/\/neelemilie-therapie.fr\/index.php\/contact\/#webpage","url":"http:\/\/neelemilie-therapie.fr\/index.php\/contact\/","name":"Contact - TH\u00c9RAPIE ET M\u00c9DIATION PAR L&#039;ANIMAL","isPartOf":{"@id":"https:\/\/neelemilie-therapie.fr\/#website"},"primaryImageOfPage":{"@id":"http:\/\/neelemilie-therapie.fr\/index.php\/contact\/#primaryimage"},"datePublished":"2019-07-30T17:20:00+00:00","dateModified":"2020-02-26T19:51:04+00:00","description":"Psycho-praticienne en Th\u00e9rapie Comportementale et Cognitive et en M\u00e9diation par l'Animal \u00e0 Belleville en Beaujolais","breadcrumb":{"@id":"http:\/\/neelemilie-therapie.fr\/index.php\/contact\/#breadcrumb"},"inLanguage":"fr-FR","potentialAction":[{"@type":"ReadAction","target":["http:\/\/neelemilie-therapie.fr\/index.php\/contact\/"]}]},{"@type":"BreadcrumbList","@id":"http:\/\/neelemilie-therapie.fr\/index.php\/contact\/#breadcrumb","itemListElement":[{"@type":"ListItem","position":1,"name":"Accueil","item":"https:\/\/neelemilie-therapie.fr\/"},{"@type":"ListItem","position":2,"name":"Contact"}]}]}},"_links":{"self":[{"href":"https:\/\/neelemilie-therapie.fr\/index.php\/wp-json\/wp\/v2\/pages\/58"}],"collection":[{"href":"https:\/\/neelemilie-therapie.fr\/index.php\/wp-json\/wp\/v2\/pages"}],"about":[{"href":"https:\/\/neelemilie-therapie.fr\/index.php\/wp-json\/wp\/v2\/types\/page"}],"author":[{"embeddable":true,"href":"https:\/\/neelemilie-therapie.fr\/index.php\/wp-json\/wp\/v2\/users\/1"}],"replies":[{"embeddable":true,"href":"https:\/\/neelemilie-therapie.fr\/index.php\/wp-json\/wp\/v2\/comments?post=58"}],"version-history":[{"count":10,"href":"https:\/\/neelemilie-therapie.fr\/index.php\/wp-json\/wp\/v2\/pages\/58\/revisions"}],"predecessor-version":[{"id":325,"href":"https:\/\/neelemilie-therapie.fr\/index.php\/wp-json\/wp\/v2\/pages\/58\/revisions\/325"}],"wp:featuredmedia":[{"embeddable":true,"href":"https:\/\/neelemilie-therapie.fr\/index.php\/wp-json\/wp\/v2\/media\/214"}],"wp:attachment":[{"href":"https:\/\/neelemilie-therapie.fr\/index.php\/wp-json\/wp\/v2\/media?parent=58"}],"curies":[{"name":"wp","href":"https:\/\/api.w.org\/{rel}","templated":true}]}}