{"id":60,"date":"2019-07-30T19:20:00","date_gmt":"2019-07-30T17:20:00","guid":{"rendered":"http:\/\/neelemilie-therapie.fr\/?page_id=60"},"modified":"2019-09-18T22:44:24","modified_gmt":"2019-09-18T20:44:24","slug":"une-section-de-page-daccueil","status":"publish","type":"page","link":"https:\/\/neelemilie-therapie.fr\/index.php\/une-section-de-page-daccueil\/","title":{"rendered":"Pourquoi venir me voir ?"},"content":{"rendered":"\n<p> La th\u00e9rapie est tout d\u2019abord un \u00e9change, une relation&nbsp;! Dans laquelle, le th\u00e9rapeute accepte sans r\u00e9serve son patient, par un accueil bienveillant.  L\u2019objectif principal de la th\u00e9rapie est d\u2019aider la personne \u00e0 devenir autonome, \u00e0 favoriser des changements significatifs dans son fonctionnement, dans sa fa\u00e7on de penser, dans son \u00e9tat de sant\u00e9 et \u00e0 acqu\u00e9rir un sentiment de s\u00e9curit\u00e9. En apprenant \u00e0  se respecter et \u00e0 reconna\u00eetre ses besoins, le patient acquiert de nouvelles capacit\u00e9s \u00e0 penser et \u00e0 agir de la fa\u00e7on le plus juste pour lui. L\u2019introspection de soi permet de donner un sens \u00e0 sa propre vie tout en incluant celles des autres. <\/p>\n\n\n\n<p> Vous traversez une p\u00e9riode difficile sur le plan professionnel ou personnel ?  Vous avez une relation difficile ou un conflit avec un patron, votre enfant, votre conjoint ?  Vous n\u2019arrivez plus \u00e0 g\u00e9rer votre quotidien, ou votre travail ? Vous vous sentez anxieux ?   d\u00e9prim\u00e9 ?   Vous avez essay\u00e9 de r\u00e9soudre votre probl\u00e8me seul,  mais vous n\u2019y \u00eates pas parvenu&nbsp;!  Je vous aiderais \u00e0 initier un changement, \u00e0 soulager vos maux \u2026  <\/p>\n\n\n\n<p>Lorsque la tristesse, la fatigue, la souffrance morale, affectent votre vie. Lorsque le manque de confiance, le manque d&rsquo;estime de soi, le manque de d\u00e9sir, ou tout autre manque\u2026 quel qu&rsquo;il soit, vous emp\u00eache d&rsquo;\u00eatre heureux. Lorsque vous \u00eates pris de l\u2019engrenage de la d\u00e9pendance et des addictions. Lorsque la peur,&nbsp;l&rsquo;anxi\u00e9t\u00e9, affectent votre qualit\u00e9 de vie ou que l&rsquo;angoisse vous paralyse. Lorsque vous ne vous sentez pas libre de dire, d&rsquo;\u00eatre, d&rsquo;agir,  que vous \u00eates dans une relation n\u00e9faste.  Lorsque vous avez \u00e9t\u00e9 bless\u00e9, traumatis\u00e9, par des \u00e9v\u00e9nements de la vie. Lorsque vous avez v\u00e9cu la violence et l&rsquo;abus. Que vous luttez, et que vous vous sentez seul(e)\u2026 Il est essentiel de vous faire aider.  <\/p>\n\n\n\n<p> Lors de notre premi\u00e8re s\u00e9ance, nous \u00e9tudierons ensemble votre demande ou votre probl\u00e8me pour fixer les objectifs de la th\u00e9rapie. Une v\u00e9ritable collaboration est recherch\u00e9e avec le(s) patient(s), pour aller ensemble vers la recherche d\u2019un bien-\u00eatre durable.  Au fil de nos rencontres, vous apprendrez peu \u00e0 peu \u00e0 rep\u00e9rer les m\u00e9canismes psychiques qui structurent votre personnalit\u00e9 pour ensuite explorer cette &nbsp;part de vous-m\u00eame qui a \u00e9t\u00e9 refoul\u00e9e, brid\u00e9e, ignor\u00e9e. Durant les s\u00e9ances, nous pourrons mettre en place des actions pour faire \u00e9voluer votre probl\u00e9matique vers des solutions. L\u2019objectif&nbsp; de la th\u00e9rapie br\u00e8ve, au-del\u00e0 de la r\u00e9solution du probl\u00e8me du patient, est de travailler sur un accompagnement de courte dur\u00e9e (une dizaine de s\u00e9ances environ).   <\/p>\n\n\n\n<p> \u00ab Th\u00e9rapie br\u00e8ve \u00bb   ne signifie pas pour autant \u00ab&nbsp;th\u00e9rapie exp\u00e9ditive&nbsp;\u00bb : si les proc\u00e9d\u00e9s mis en place n\u2019aboutissent pas, il sera important d\u2019explorer les causes de cette r\u00e9sistance et tenter de les lever. Le but est de vous remettre en contact avec vos ressources personnelles pour vous permettre de r\u00e9gler vos probl\u00e8mes de fa\u00e7on autonome, dans le pr\u00e9sent et le futur. &nbsp; <\/p>\n\n\n\n<p> Quelques conseils avant de prendre rendez-vous\u2026  <\/p>\n\n\n\n<p>Avant de prendre rendez-vous, soyez pr\u00e9par\u00e9 \u00e0 ce changement ;  suivre une Th\u00e9rapie demande une  implication et un engagement volontaire  ainsi que vous y consacriez du temps. Vous devez poss\u00e9der au fond de vous une forte envie d&rsquo;\u00e9volution.&nbsp; Demandez-vous sinc\u00e8rement et objectivement si vous \u00eates pr\u00eat et capable de vous investir dans ce travail, afin que vous puissiez le mener \u00e0 bien. C&rsquo;est dans ce cadre que sera \u00e9tabli, le rythme des rencontres, le paiement des s\u00e9ances et les r\u00e8gles de fonctionnement, pour le d\u00e9roulement de la th\u00e9rapie, et c&rsquo;est ainsi que nous serons engag\u00e9s r\u00e9ciproquement, dans un accompagnement solidaire et bienveillant. <\/p>\n\n\n\n<p>La th\u00e9rapie ne se substitue en aucun cas \u00e0 une n\u00e9cessaire consultation m\u00e9dicale et ne remplace pas les traitements m\u00e9dicaux \u00e9ventuels. Le m\u00e9decin demeure le seul professionnel de sant\u00e9 habilit\u00e9 \u00e0 \u00e9tablir un diagnostic, prescrire un traitement, le modifier ou le supprimer. Mon cabinet est un lieu de parole ou vous trouverez, en toute confidentialit\u00e9, l\u2019accompagnement et le soutien, n\u00e9cessaire \u00e0 la r\u00e9solution de vos probl\u00e8mes, que vous soyez enfant, adolescent(e), adulte, ou couple en difficult\u00e9.  <\/p>\n\n\n\n<p> J\u2019assure une approche rationnelle par un accompagnement humaniste, cette pratique repose sur la r\u00e9solution des probl\u00e8mes comportementaux et psychologiques que vous rencontrez, dont l&rsquo;objectif premier est de trouver des moyens pour les r\u00e9soudre, m\u00eame si l&rsquo;on peut \u00eatre amen\u00e9 aussi \u00e0 en comprendre les causes .  <\/p>\n\n\n\n<p>Ma pratique diff\u00e8re des autres m\u00e9tiers li\u00e9s \u00e0 l&rsquo;exercice d&rsquo;une th\u00e9rapie :&nbsp;                                     Le Psychopraticien ; propose une th\u00e9rapie pour aider la personne dans une probl\u00e9matique ou une r\u00e9flexion sur soi-m\u00eame. Il est en g\u00e9n\u00e9ral form\u00e9 par des \u00e9coles priv\u00e9es. Ils peuvent utiliser une ou plusieurs m\u00e9thodes pour pratiquer leur profession : la gestalt, la TCC, l&rsquo;hypnose,&#8230; voir ici la liste des&nbsp;<a href=\"https:\/\/www.formation-therapeute.com\/intro\/techniques-methodes-et-outils-therapeutiques.html\">m\u00e9thodes et outils utilis\u00e9s par les th\u00e9rapeutes<\/a>. Le terme \u00ab Psychopraticien \u00bb n&rsquo;est pas un titre, il s&rsquo;agit de la d\u00e9nomination d&rsquo;une activit\u00e9 professionnelle. Le psychopraticien est un professionnel de la th\u00e9rapie. Cette nouvelle appelation est n\u00e9e depuis la r\u00e9glementation concernant le titre de psychoth\u00e9rapeute.   <\/p>\n\n\n\n<p>Contrairement  autres m\u00e9tiers de \u00ab\u00a0PSY\u00a0\u00bb pratiquant les psychanalyses qui ont pour but de rechercher et comprendre l&rsquo;origine des probl\u00e8mes  :                                                                                                                                                    Le Psychologue ; effectue un travail d&rsquo;\u00e9coute. Il accompagne le patient dans l&rsquo;interrogation que celui-ci a choisi d&rsquo;entreprendre sur lui-m\u00eame, sur ses conflits, ses traumatismes, ses angoisses. Les psychologues doivent avoir une licence et une ma\u00eetrise en psychologie, ainsi qu&rsquo;un D.E.S.S. ou un D.E.A. en psychologie clinique et avoir fait un stage professionnel dans la fili\u00e8re psychologie.                                                         Le Psychiatre ;  traite et tente de pr\u00e9venir les maladies mentales ou les troubles psychiques. Il peut aussi parfois accompagner son patient dans le cadre d&rsquo;une psychoth\u00e9rapie. Parce qu\u2019il est m\u00e9decin, le psychiatre est habilit\u00e9 \u00e0 prescrire des m\u00e9dicaments ou une hospitalisation. Il faut avoir fait des \u00e9tudes de m\u00e9decine avec une sp\u00e9cialisation dans les troubles psychiatriques. En France, l&rsquo;exercice de la psychiatrie est prot\u00e9g\u00e9, ce qui veut dire que tous les psychiatres doivent \u00eatre des m\u00e9decins sp\u00e9cialistes membres de l&rsquo;Ordre des m\u00e9decins.                                                                                     Le psychanalyste ; utilise la psychanalyse (invent\u00e9e par Sigmund Freud)\u00a0 qui est une des approches en psychoth\u00e9rapie. Il aide la personne \u00e0 r\u00e9fl\u00e9chir sur elle m\u00eame et \u00e0 comprendre ses exp\u00e9riences et son v\u00e9cu, en la laissant s&rsquo;exprimer le plus librement possible. Il l&rsquo;accompagne ensuite \u00e0 en comprendre, les associations et le sens, qui peuvent ainsi r\u00e9v\u00e9ler au patient, les aspects inconscients de sa personnalit\u00e9.<br>Il s&rsquo;agit souvent d&rsquo;une th\u00e9rapie \u00e0 long terme. Le psychanalyste se doit d&rsquo;avoir pratiqu\u00e9 une analyse sur lui-m\u00eame pendant un minimum de 3 ans.                                                                           Le psychoth\u00e9rapeute ; propose une th\u00e9rapie pour aider la personne dans une probl\u00e9matique ou une r\u00e9flexion sur soi-m\u00eame.\u00a0<br>Il a souvent une sp\u00e9cialit\u00e9 :\u00a0 psychosomaticien, psychosociologue,&#8230;pour lesquelles il existe des dipl\u00f4mes universitaires. En g\u00e9n\u00e9ral, les psychoth\u00e9rapeutes \u00ab\u00a0s\u00e9rieux\u00a0\u00bb sont continuellement eux-m\u00eames en th\u00e9rapie. En France, depuis juillet 2010, le titre de psychoth\u00e9rapeute est d\u00e9sormais prot\u00e9g\u00e9 par la loi. Le psychoth\u00e9rapeute est soit m\u00e9decin psychiatre, soit titulaire d&rsquo;un master 2 en psychologie ou en psychanalyse. Certains psychoth\u00e9rapeutes exercent au titre de la reconnaissance de leur exp\u00e9rience professionnelle, acquise avant l&rsquo;encadrement du titre.<\/p>\n","protected":false},"excerpt":{"rendered":"<p>La th\u00e9rapie est tout d\u2019abord un \u00e9change, une relation&nbsp;! Dans laquelle, le th\u00e9rapeute accepte sans r\u00e9serve son patient, par un accueil bienveillant. L\u2019objectif principal de la th\u00e9rapie est d\u2019aider la personne \u00e0 devenir autonome, \u00e0 favoriser des changements significatifs dans son fonctionnement, dans sa fa\u00e7on de penser, dans son \u00e9tat de sant\u00e9 et \u00e0 acqu\u00e9rir &hellip; <\/p>\n<p class=\"link-more\"><a href=\"https:\/\/neelemilie-therapie.fr\/index.php\/une-section-de-page-daccueil\/\" class=\"more-link\">Continuer la lecture<span class=\"screen-reader-text\"> de &laquo;&nbsp;Pourquoi venir me voir ?&nbsp;&raquo;<\/span><\/a><\/p>\n","protected":false},"author":1,"featured_media":63,"parent":0,"menu_order":0,"comment_status":"closed","ping_status":"closed","template":"","meta":{"_mi_skip_tracking":false},"yoast_head":"<!-- This site is optimized with the Yoast SEO plugin v18.6 - https:\/\/yoast.com\/wordpress\/plugins\/seo\/ -->\n<title>Pourquoi venir me voir ? - TH\u00c9RAPIE ET M\u00c9DIATION PAR L&#039;ANIMAL<\/title>\n<meta name=\"robots\" content=\"index, follow, max-snippet:-1, max-image-preview:large, max-video-preview:-1\" \/>\n<link rel=\"canonical\" href=\"http:\/\/neelemilie-therapie.fr\/index.php\/une-section-de-page-daccueil\/\" \/>\n<meta property=\"og:locale\" content=\"fr_FR\" \/>\n<meta property=\"og:type\" content=\"article\" \/>\n<meta property=\"og:title\" content=\"Pourquoi venir me voir ? - TH\u00c9RAPIE ET M\u00c9DIATION PAR L&#039;ANIMAL\" \/>\n<meta property=\"og:description\" content=\"La th\u00e9rapie est tout d\u2019abord un \u00e9change, une relation&nbsp;! Dans laquelle, le th\u00e9rapeute accepte sans r\u00e9serve son patient, par un accueil bienveillant. L\u2019objectif principal de la th\u00e9rapie est d\u2019aider la personne \u00e0 devenir autonome, \u00e0 favoriser des changements significatifs dans son fonctionnement, dans sa fa\u00e7on de penser, dans son \u00e9tat de sant\u00e9 et \u00e0 acqu\u00e9rir &hellip; Continuer la lecture de &laquo;&nbsp;Pourquoi venir me voir ?&nbsp;&raquo;\" \/>\n<meta property=\"og:url\" content=\"http:\/\/neelemilie-therapie.fr\/index.php\/une-section-de-page-daccueil\/\" \/>\n<meta property=\"og:site_name\" content=\"TH\u00c9RAPIE ET M\u00c9DIATION PAR L&#039;ANIMAL\" \/>\n<meta property=\"article:modified_time\" content=\"2019-09-18T20:44:24+00:00\" \/>\n<meta property=\"og:image\" content=\"http:\/\/neelemilie-therapie.fr\/wp-content\/uploads\/2019\/07\/logo-EN2-1.png\" \/>\n\t<meta property=\"og:image:width\" content=\"158\" \/>\n\t<meta property=\"og:image:height\" content=\"184\" \/>\n\t<meta property=\"og:image:type\" content=\"image\/png\" \/>\n<meta name=\"twitter:card\" content=\"summary_large_image\" \/>\n<meta name=\"twitter:label1\" content=\"Dur\u00e9e de lecture estim\u00e9e\" \/>\n\t<meta name=\"twitter:data1\" content=\"6 minutes\" \/>\n<script type=\"application\/ld+json\" class=\"yoast-schema-graph\">{\"@context\":\"https:\/\/schema.org\",\"@graph\":[{\"@type\":\"WebSite\",\"@id\":\"https:\/\/neelemilie-therapie.fr\/#website\",\"url\":\"https:\/\/neelemilie-therapie.fr\/\",\"name\":\"TH\u00c9RAPIE ET M\u00c9DIATION PAR L&#039;ANIMAL\",\"description\":\"VOUS ACCOMPAGNE SUR LE CHEMIN DU MIEUX-\u00caTRE\",\"potentialAction\":[{\"@type\":\"SearchAction\",\"target\":{\"@type\":\"EntryPoint\",\"urlTemplate\":\"https:\/\/neelemilie-therapie.fr\/?s={search_term_string}\"},\"query-input\":\"required name=search_term_string\"}],\"inLanguage\":\"fr-FR\"},{\"@type\":\"ImageObject\",\"@id\":\"http:\/\/neelemilie-therapie.fr\/index.php\/une-section-de-page-daccueil\/#primaryimage\",\"inLanguage\":\"fr-FR\",\"url\":\"https:\/\/neelemilie-therapie.fr\/wp-content\/uploads\/2019\/07\/logo-EN2-1.png\",\"contentUrl\":\"https:\/\/neelemilie-therapie.fr\/wp-content\/uploads\/2019\/07\/logo-EN2-1.png\",\"width\":158,\"height\":184},{\"@type\":\"WebPage\",\"@id\":\"http:\/\/neelemilie-therapie.fr\/index.php\/une-section-de-page-daccueil\/#webpage\",\"url\":\"http:\/\/neelemilie-therapie.fr\/index.php\/une-section-de-page-daccueil\/\",\"name\":\"Pourquoi venir me voir ? - TH\u00c9RAPIE ET M\u00c9DIATION PAR L&#039;ANIMAL\",\"isPartOf\":{\"@id\":\"https:\/\/neelemilie-therapie.fr\/#website\"},\"primaryImageOfPage\":{\"@id\":\"http:\/\/neelemilie-therapie.fr\/index.php\/une-section-de-page-daccueil\/#primaryimage\"},\"datePublished\":\"2019-07-30T17:20:00+00:00\",\"dateModified\":\"2019-09-18T20:44:24+00:00\",\"breadcrumb\":{\"@id\":\"http:\/\/neelemilie-therapie.fr\/index.php\/une-section-de-page-daccueil\/#breadcrumb\"},\"inLanguage\":\"fr-FR\",\"potentialAction\":[{\"@type\":\"ReadAction\",\"target\":[\"http:\/\/neelemilie-therapie.fr\/index.php\/une-section-de-page-daccueil\/\"]}]},{\"@type\":\"BreadcrumbList\",\"@id\":\"http:\/\/neelemilie-therapie.fr\/index.php\/une-section-de-page-daccueil\/#breadcrumb\",\"itemListElement\":[{\"@type\":\"ListItem\",\"position\":1,\"name\":\"Accueil\",\"item\":\"https:\/\/neelemilie-therapie.fr\/\"},{\"@type\":\"ListItem\",\"position\":2,\"name\":\"Pourquoi venir me voir ?\"}]}]}<\/script>\n<!-- \/ Yoast SEO plugin. -->","yoast_head_json":{"title":"Pourquoi venir me voir ? - TH\u00c9RAPIE ET M\u00c9DIATION PAR L&#039;ANIMAL","robots":{"index":"index","follow":"follow","max-snippet":"max-snippet:-1","max-image-preview":"max-image-preview:large","max-video-preview":"max-video-preview:-1"},"canonical":"http:\/\/neelemilie-therapie.fr\/index.php\/une-section-de-page-daccueil\/","og_locale":"fr_FR","og_type":"article","og_title":"Pourquoi venir me voir ? - TH\u00c9RAPIE ET M\u00c9DIATION PAR L&#039;ANIMAL","og_description":"La th\u00e9rapie est tout d\u2019abord un \u00e9change, une relation&nbsp;! Dans laquelle, le th\u00e9rapeute accepte sans r\u00e9serve son patient, par un accueil bienveillant. L\u2019objectif principal de la th\u00e9rapie est d\u2019aider la personne \u00e0 devenir autonome, \u00e0 favoriser des changements significatifs dans son fonctionnement, dans sa fa\u00e7on de penser, dans son \u00e9tat de sant\u00e9 et \u00e0 acqu\u00e9rir &hellip; Continuer la lecture de &laquo;&nbsp;Pourquoi venir me voir ?&nbsp;&raquo;","og_url":"http:\/\/neelemilie-therapie.fr\/index.php\/une-section-de-page-daccueil\/","og_site_name":"TH\u00c9RAPIE ET M\u00c9DIATION PAR L&#039;ANIMAL","article_modified_time":"2019-09-18T20:44:24+00:00","og_image":[{"width":158,"height":184,"url":"http:\/\/neelemilie-therapie.fr\/wp-content\/uploads\/2019\/07\/logo-EN2-1.png","type":"image\/png"}],"twitter_card":"summary_large_image","twitter_misc":{"Dur\u00e9e de lecture estim\u00e9e":"6 minutes"},"schema":{"@context":"https:\/\/schema.org","@graph":[{"@type":"WebSite","@id":"https:\/\/neelemilie-therapie.fr\/#website","url":"https:\/\/neelemilie-therapie.fr\/","name":"TH\u00c9RAPIE ET M\u00c9DIATION PAR L&#039;ANIMAL","description":"VOUS ACCOMPAGNE SUR LE CHEMIN DU MIEUX-\u00caTRE","potentialAction":[{"@type":"SearchAction","target":{"@type":"EntryPoint","urlTemplate":"https:\/\/neelemilie-therapie.fr\/?s={search_term_string}"},"query-input":"required name=search_term_string"}],"inLanguage":"fr-FR"},{"@type":"ImageObject","@id":"http:\/\/neelemilie-therapie.fr\/index.php\/une-section-de-page-daccueil\/#primaryimage","inLanguage":"fr-FR","url":"https:\/\/neelemilie-therapie.fr\/wp-content\/uploads\/2019\/07\/logo-EN2-1.png","contentUrl":"https:\/\/neelemilie-therapie.fr\/wp-content\/uploads\/2019\/07\/logo-EN2-1.png","width":158,"height":184},{"@type":"WebPage","@id":"http:\/\/neelemilie-therapie.fr\/index.php\/une-section-de-page-daccueil\/#webpage","url":"http:\/\/neelemilie-therapie.fr\/index.php\/une-section-de-page-daccueil\/","name":"Pourquoi venir me voir ? - TH\u00c9RAPIE ET M\u00c9DIATION PAR L&#039;ANIMAL","isPartOf":{"@id":"https:\/\/neelemilie-therapie.fr\/#website"},"primaryImageOfPage":{"@id":"http:\/\/neelemilie-therapie.fr\/index.php\/une-section-de-page-daccueil\/#primaryimage"},"datePublished":"2019-07-30T17:20:00+00:00","dateModified":"2019-09-18T20:44:24+00:00","breadcrumb":{"@id":"http:\/\/neelemilie-therapie.fr\/index.php\/une-section-de-page-daccueil\/#breadcrumb"},"inLanguage":"fr-FR","potentialAction":[{"@type":"ReadAction","target":["http:\/\/neelemilie-therapie.fr\/index.php\/une-section-de-page-daccueil\/"]}]},{"@type":"BreadcrumbList","@id":"http:\/\/neelemilie-therapie.fr\/index.php\/une-section-de-page-daccueil\/#breadcrumb","itemListElement":[{"@type":"ListItem","position":1,"name":"Accueil","item":"https:\/\/neelemilie-therapie.fr\/"},{"@type":"ListItem","position":2,"name":"Pourquoi venir me voir ?"}]}]}},"_links":{"self":[{"href":"https:\/\/neelemilie-therapie.fr\/index.php\/wp-json\/wp\/v2\/pages\/60"}],"collection":[{"href":"https:\/\/neelemilie-therapie.fr\/index.php\/wp-json\/wp\/v2\/pages"}],"about":[{"href":"https:\/\/neelemilie-therapie.fr\/index.php\/wp-json\/wp\/v2\/types\/page"}],"author":[{"embeddable":true,"href":"https:\/\/neelemilie-therapie.fr\/index.php\/wp-json\/wp\/v2\/users\/1"}],"replies":[{"embeddable":true,"href":"https:\/\/neelemilie-therapie.fr\/index.php\/wp-json\/wp\/v2\/comments?post=60"}],"version-history":[{"count":14,"href":"https:\/\/neelemilie-therapie.fr\/index.php\/wp-json\/wp\/v2\/pages\/60\/revisions"}],"predecessor-version":[{"id":299,"href":"https:\/\/neelemilie-therapie.fr\/index.php\/wp-json\/wp\/v2\/pages\/60\/revisions\/299"}],"wp:featuredmedia":[{"embeddable":true,"href":"https:\/\/neelemilie-therapie.fr\/index.php\/wp-json\/wp\/v2\/media\/63"}],"wp:attachment":[{"href":"https:\/\/neelemilie-therapie.fr\/index.php\/wp-json\/wp\/v2\/media?parent=60"}],"curies":[{"name":"wp","href":"https:\/\/api.w.org\/{rel}","templated":true}]}}